{"id":626,"date":"2025-11-25T10:38:23","date_gmt":"2025-11-25T03:38:23","guid":{"rendered":"https:\/\/bcmaisondart.com\/?page_id=626"},"modified":"2025-12-27T15:11:21","modified_gmt":"2025-12-27T08:11:21","slug":"lien-he","status":"publish","type":"page","link":"https:\/\/bcmaisondart.com\/en\/lien-he\/","title":{"rendered":"CONTACT"},"content":{"rendered":"<div data-elementor-type=\"wp-page\" data-elementor-id=\"626\" class=\"elementor elementor-626\" data-elementor-post-type=\"page\">\n\t\t\t\t<div class=\"elementor-element elementor-element-4bb6e71 section e-flex e-con-boxed e-con e-parent\" data-id=\"4bb6e71\" data-element_type=\"container\">\n\t\t\t\t\t<div class=\"e-con-inner\">\n\t\t\t\t<div class=\"elementor-element elementor-element-c02e6b7 elementor-widget elementor-widget-heading\" data-id=\"c02e6b7\" data-element_type=\"widget\" data-widget_type=\"heading.default\">\n\t\t\t\t\t<h2 class=\"elementor-heading-title elementor-size-default\">Li\u00ean h\u1ec7 v\u1edbi ch\u00fang t\u00f4i<\/h2>\t\t\t\t<\/div>\n\t\t\t\t\t<\/div>\n\t\t\t\t<\/div>\n\t\t<div class=\"elementor-element elementor-element-a45f9ec section e-flex e-con-boxed e-con e-parent\" data-id=\"a45f9ec\" data-element_type=\"container\">\n\t\t\t\t\t<div class=\"e-con-inner\">\n\t\t<div class=\"elementor-element elementor-element-878e466 e-con-full e-flex e-con e-child\" data-id=\"878e466\" data-element_type=\"container\" data-settings=\"{&quot;background_background&quot;:&quot;classic&quot;}\">\n\t\t<div class=\"elementor-element elementor-element-a98d010 e-con-full e-flex e-con e-child\" data-id=\"a98d010\" data-element_type=\"container\">\n\t\t<div class=\"elementor-element elementor-element-9a21686 e-con-full e-flex e-con e-child\" data-id=\"9a21686\" data-element_type=\"container\" data-settings=\"{&quot;background_background&quot;:&quot;classic&quot;}\">\n\t\t\t\t<div class=\"elementor-element elementor-element-5ccc31d elementor-widget elementor-widget-heading\" data-id=\"5ccc31d\" data-element_type=\"widget\" data-widget_type=\"heading.default\">\n\t\t\t\t\t<h2 class=\"elementor-heading-title elementor-size-default\">D\u00e0nh cho ngh\u1ec7 s\u0129\n<\/h2>\t\t\t\t<\/div>\n\t\t\t\t<\/div>\n\t\t\t\t<div class=\"elementor-element elementor-element-4fbdcae elementor-widget elementor-widget-text-editor\" data-id=\"4fbdcae\" data-element_type=\"widget\" data-widget_type=\"text-editor.default\">\n\t\t\t\t\t\t\t\t\t<p><strong>Email:<\/strong> info@bcmaisondart.com<\/p><p><strong>S\u1ed1 \u0111i\u1ec7n tho\u1ea1i:<\/strong> 0979477005<\/p><p><strong>Gi\u1edd l\u00e0m vi\u1ec7c:<\/strong> Th\u1ee9 2 \u0111\u1ebfn th\u1ee9 6,7:00 &#8211; 17:00<\/p>\t\t\t\t\t\t\t\t<\/div>\n\t\t\t\t<\/div>\n\t\t\t\t<\/div>\n\t\t<div class=\"elementor-element elementor-element-1c585bc e-con-full e-flex e-con e-child\" data-id=\"1c585bc\" data-element_type=\"container\">\n\t\t<div class=\"elementor-element elementor-element-8385a6d e-con-full e-flex e-con e-child\" data-id=\"8385a6d\" data-element_type=\"container\" data-settings=\"{&quot;background_background&quot;:&quot;classic&quot;}\">\n\t\t<div class=\"elementor-element elementor-element-9ea9557 e-con-full e-flex e-con e-child\" data-id=\"9ea9557\" data-element_type=\"container\">\n\t\t<div class=\"elementor-element elementor-element-50b16af e-con-full e-flex e-con e-child\" data-id=\"50b16af\" data-element_type=\"container\" data-settings=\"{&quot;background_background&quot;:&quot;classic&quot;}\">\n\t\t\t\t<div class=\"elementor-element elementor-element-7f52eac elementor-widget elementor-widget-heading\" data-id=\"7f52eac\" data-element_type=\"widget\" data-widget_type=\"heading.default\">\n\t\t\t\t\t<h2 class=\"elementor-heading-title elementor-size-default\">D\u00e0nh cho \n<br>ng\u01b0\u1eddi y\u00eau ngh\u1ec7 thu\u1eadt<\/h2>\t\t\t\t<\/div>\n\t\t\t\t<\/div>\n\t\t\t\t<div class=\"elementor-element elementor-element-bab8d0b elementor-widget elementor-widget-text-editor\" data-id=\"bab8d0b\" data-element_type=\"widget\" data-widget_type=\"text-editor.default\">\n\t\t\t\t\t\t\t\t\t<p><strong>Email:<\/strong> info@bcmaisondart.com<\/p><p><strong>S\u1ed1 \u0111i\u1ec7n tho\u1ea1i:<\/strong> 0979477005<\/p><p><strong>Gi\u1edd l\u00e0m vi\u1ec7c:<\/strong> Th\u1ee9 2 \u0111\u1ebfn th\u1ee9 6,7:00 &#8211; 17:00<\/p>\t\t\t\t\t\t\t\t<\/div>\n\t\t\t\t<\/div>\n\t\t\t\t<\/div>\n\t\t\t\t<\/div>\n\t\t<div class=\"elementor-element elementor-element-e62944e e-con-full e-flex e-con e-child\" data-id=\"e62944e\" data-element_type=\"container\">\n\t\t<div class=\"elementor-element elementor-element-fea3e7f e-con-full e-flex e-con e-child\" data-id=\"fea3e7f\" data-element_type=\"container\" data-settings=\"{&quot;background_background&quot;:&quot;classic&quot;}\">\n\t\t<div class=\"elementor-element elementor-element-8240b78 e-con-full e-flex e-con e-child\" data-id=\"8240b78\" data-element_type=\"container\">\n\t\t<div class=\"elementor-element elementor-element-410eec3 e-con-full e-flex e-con e-child\" data-id=\"410eec3\" data-element_type=\"container\" data-settings=\"{&quot;background_background&quot;:&quot;classic&quot;}\">\n\t\t\t\t<div class=\"elementor-element elementor-element-9b8475c elementor-widget elementor-widget-heading\" data-id=\"9b8475c\" data-element_type=\"widget\" data-widget_type=\"heading.default\">\n\t\t\t\t\t<h2 class=\"elementor-heading-title elementor-size-default\">D\u00e0nh cho <br> \u0111\u1ed1i t\u00e1c\/ nh\u00e0 s\u01b0u t\u1eadp<\/h2>\t\t\t\t<\/div>\n\t\t\t\t<\/div>\n\t\t\t\t<div class=\"elementor-element elementor-element-7005e8d elementor-widget elementor-widget-text-editor\" data-id=\"7005e8d\" data-element_type=\"widget\" data-widget_type=\"text-editor.default\">\n\t\t\t\t\t\t\t\t\t<p><strong>Email:<\/strong> info@bcmaisondart.com.<\/p><p><strong>S\u1ed1 \u0111i\u1ec7n tho\u1ea1i:<\/strong> 0979477005<\/p><p><strong>Gi\u1edd l\u00e0m vi\u1ec7c:<\/strong> Th\u1ee9 2 \u0111\u1ebfn th\u1ee9 6,7:00 &#8211; 17:00<\/p>\t\t\t\t\t\t\t\t<\/div>\n\t\t\t\t<\/div>\n\t\t\t\t<\/div>\n\t\t\t\t<\/div>\n\t\t\t\t\t<\/div>\n\t\t\t\t<\/div>\n\t\t\t\t<\/div>","protected":false},"excerpt":{"rendered":"<p>Li\u00ean h\u1ec7 v\u1edbi ch\u00fang t\u00f4i D\u00e0nh cho ngh\u1ec7 s\u0129 Email: info@bcmaisondart.com S\u1ed1 \u0111i\u1ec7n tho\u1ea1i: 0979477005 Gi\u1edd l\u00e0m vi\u1ec7c: Th\u1ee9 2 \u0111\u1ebfn th\u1ee9 6,7:00 &#8211; 17:00 D\u00e0nh cho ng\u01b0\u1eddi y\u00eau ngh\u1ec7 thu\u1eadt Email: info@bcmaisondart.com S\u1ed1 \u0111i\u1ec7n tho\u1ea1i: 0979477005 Gi\u1edd l\u00e0m vi\u1ec7c: Th\u1ee9 2 \u0111\u1ebfn th\u1ee9 6,7:00 &#8211; 17:00 D\u00e0nh cho \u0111\u1ed1i t\u00e1c\/ nh\u00e0 s\u01b0u t\u1eadp Email: [&hellip;]<\/p>","protected":false},"author":1,"featured_media":0,"parent":0,"menu_order":0,"comment_status":"closed","ping_status":"closed","template":"elementor_header_footer","meta":{"_acf_changed":false,"footnotes":""},"class_list":["post-626","page","type-page","status-publish","hentry"],"acf":[],"_links":{"self":[{"href":"https:\/\/bcmaisondart.com\/en\/wp-json\/wp\/v2\/pages\/626","targetHints":{"allow":["GET"]}}],"collection":[{"href":"https:\/\/bcmaisondart.com\/en\/wp-json\/wp\/v2\/pages"}],"about":[{"href":"https:\/\/bcmaisondart.com\/en\/wp-json\/wp\/v2\/types\/page"}],"author":[{"embeddable":true,"href":"https:\/\/bcmaisondart.com\/en\/wp-json\/wp\/v2\/users\/1"}],"replies":[{"embeddable":true,"href":"https:\/\/bcmaisondart.com\/en\/wp-json\/wp\/v2\/comments?post=626"}],"version-history":[{"count":22,"href":"https:\/\/bcmaisondart.com\/en\/wp-json\/wp\/v2\/pages\/626\/revisions"}],"predecessor-version":[{"id":2079,"href":"https:\/\/bcmaisondart.com\/en\/wp-json\/wp\/v2\/pages\/626\/revisions\/2079"}],"wp:attachment":[{"href":"https:\/\/bcmaisondart.com\/en\/wp-json\/wp\/v2\/media?parent=626"}],"curies":[{"name":"wp","href":"https:\/\/api.w.org\/{rel}","templated":true}]}}