{"id":1726,"date":"2025-12-23T10:29:10","date_gmt":"2025-12-23T03:29:10","guid":{"rendered":"https:\/\/bcmaisondart.com\/?post_type=product&#038;p=1726"},"modified":"2026-01-26T16:53:43","modified_gmt":"2026-01-26T09:53:43","slug":"dem-trang","status":"publish","type":"product","link":"https:\/\/bcmaisondart.com\/en\/tac-pham\/dem-trang\/","title":{"rendered":"Hoa ly"},"content":{"rendered":"<p>T\u00e1c ph\u1ea9m Hoa ly c\u1ee7a h\u1ecda s\u0129 Tr\u1ea7n D\u01b0\u01a1ng c\u0169ng t\u00f4 \u0111i\u1ec3m kh\u00f4ng gian b\u1eb1ng m\u1ed9t kho\u1ea3ng l\u1eafng nh\u1eb9 nh\u00e0ng v\u00e0 trang nh\u00e3. V\u1edbi b\u1ed1 c\u1ee5c g\u1ecdn g\u00e0ng, s\u1eafc v\u00e0ng \u1ea5m c\u1ee7a hoa n\u1ed5i b\u1eadt tr\u00ean n\u1ec1n s\u01a1n m\u00e0i tr\u1ea7m s\u00e2u, t\u1ea1o c\u1ea3m gi\u00e1c thanh khi\u1ebft v\u00e0 an y\u00ean cho kh\u00f4ng gian an l\u00e0nh.<\/p>","protected":false},"excerpt":{"rendered":"<p>T\u00e1c ph\u1ea9m Hoa ly c\u1ee7a h\u1ecda s\u0129 Tr\u1ea7n D\u01b0\u01a1ng c\u0169ng t\u00f4 \u0111i\u1ec3m kh\u00f4ng gian b\u1eb1ng m\u1ed9t kho\u1ea3ng l\u1eafng nh\u1eb9 nh\u00e0ng v\u00e0 trang nh\u00e3. V\u1edbi b\u1ed1 c\u1ee5c g\u1ecdn g\u00e0ng, s\u1eafc v\u00e0ng \u1ea5m c\u1ee7a hoa n\u1ed5i b\u1eadt tr\u00ean n\u1ec1n s\u01a1n m\u00e0i tr\u1ea7m s\u00e2u, t\u1ea1o c\u1ea3m gi\u00e1c thanh khi\u1ebft v\u00e0 an y\u00ean cho kh\u00f4ng gian an l\u00e0nh.<\/p>","protected":false},"featured_media":3002,"comment_status":"open","ping_status":"closed","template":"","meta":{"_acf_changed":false},"product_brand":[],"product_cat":[37],"product_tag":[],"hoa_si":[68],"class_list":{"0":"post-1726","1":"product","2":"type-product","3":"status-publish","4":"has-post-thumbnail","6":"product_cat-son-mai","7":"hoa_si-tran-thai-duong","9":"first","10":"instock","11":"shipping-taxable","12":"product-type-simple"},"acf":[],"_links":{"self":[{"href":"https:\/\/bcmaisondart.com\/en\/wp-json\/wp\/v2\/product\/1726","targetHints":{"allow":["GET"]}}],"collection":[{"href":"https:\/\/bcmaisondart.com\/en\/wp-json\/wp\/v2\/product"}],"about":[{"href":"https:\/\/bcmaisondart.com\/en\/wp-json\/wp\/v2\/types\/product"}],"replies":[{"embeddable":true,"href":"https:\/\/bcmaisondart.com\/en\/wp-json\/wp\/v2\/comments?post=1726"}],"wp:featuredmedia":[{"embeddable":true,"href":"https:\/\/bcmaisondart.com\/en\/wp-json\/wp\/v2\/media\/3002"}],"wp:attachment":[{"href":"https:\/\/bcmaisondart.com\/en\/wp-json\/wp\/v2\/media?parent=1726"}],"wp:term":[{"taxonomy":"product_brand","embeddable":true,"href":"https:\/\/bcmaisondart.com\/en\/wp-json\/wp\/v2\/product_brand?post=1726"},{"taxonomy":"product_cat","embeddable":true,"href":"https:\/\/bcmaisondart.com\/en\/wp-json\/wp\/v2\/product_cat?post=1726"},{"taxonomy":"product_tag","embeddable":true,"href":"https:\/\/bcmaisondart.com\/en\/wp-json\/wp\/v2\/product_tag?post=1726"},{"taxonomy":"hoa_si","embeddable":true,"href":"https:\/\/bcmaisondart.com\/en\/wp-json\/wp\/v2\/hoa_si?post=1726"}],"curies":[{"name":"wp","href":"https:\/\/api.w.org\/{rel}","templated":true}]}}