{"id":1732,"date":"2025-12-23T10:34:25","date_gmt":"2025-12-23T03:34:25","guid":{"rendered":"https:\/\/bcmaisondart.com\/?post_type=product&#038;p=1732"},"modified":"2026-01-26T16:55:23","modified_gmt":"2026-01-26T09:55:23","slug":"doan-xuan-tung-2","status":"publish","type":"product","link":"https:\/\/bcmaisondart.com\/en\/tac-pham\/doan-xuan-tung-2\/","title":{"rendered":"M\u00d9A H\u1ed2NG CH\u00cdN 2"},"content":{"rendered":"<div class=\"xdj266r x14z9mp xat24cr x1lziwak x1vvkbs x126k92a\">\n<div dir=\"auto\">&#8220;M\u00f9a h\u1ed3ng ch\u00edn&#8221; m\u1edf ra c\u1ea3m gi\u00e1c c\u1ee7a nh\u1eefng ng\u00e0y cu\u1ed1i n\u0103m \u2013 khi th\u1eddi gian ch\u1eadm l\u1ea1i \u0111\u1ec3 con ng\u01b0\u1eddi k\u1ecbp ngo\u1ea3nh nh\u00ecn m\u1ed9t v\u00f2ng tr\u00f2n \u0111\u00e3 kh\u00e9p. Nh\u1eefng th\u00e2n c\u00e2y v\u01b0\u01a1n l\u00ean v\u1eefng ch\u00e3i, mang theo t\u1eebng ch\u00f9m h\u1ed3ng \u0111\u1ecf \u1ea5m, nh\u01b0 k\u1ebft tinh c\u1ee7a c\u1ea3 m\u1ed9t n\u0103m c\u1ea7n m\u1eabn v\u00e0 b\u1ec1n b\u1ec9.<\/div>\n<\/div>\n<div class=\"x14z9mp xat24cr x1lziwak x1vvkbs xtlvy1s x126k92a\">\n<div dir=\"auto\">S\u1eafc \u0111\u1ecf cam c\u1ee7a qu\u1ea3 h\u1ed3ng n\u1ed5i b\u1eadt tr\u00ean n\u1ec1n s\u01a1n m\u00e0i tr\u1ea7m l\u1eafng, g\u1ee3i s\u1ef1 \u0111\u1ee7 \u0111\u1ea7y, vi\u00ean m\u00e3n. Nh\u1eefng l\u1edbp m\u00e0u ch\u1ed3ng x\u1ebfp, loang th\u1ea5m t\u1ef1 nhi\u00ean t\u1ea1o chi\u1ec1u s\u00e2u th\u1eddi gian \u2013 nh\u01b0 k\u00fd \u1ee9c \u0111\u01b0\u1ee3c gom l\u1ea1i, kh\u00f4ng v\u1ed9i v\u00e3, kh\u00f4ng ph\u00f4 b\u00e0y. \u1ede \u0111\u00f3 c\u00f3 s\u1ef1 l\u1eafng \u0111\u1ecdng, c\u00f3 ni\u1ec1m vui \u00e2m \u1ec9, c\u00f3 h\u01a1i \u1ea5m c\u1ee7a m\u00f9a sum h\u1ecdp \u0111ang \u0111\u1ebfn g\u1ea7n.<\/div>\n<\/div>\n<div class=\"x14z9mp xat24cr x1lziwak x1vvkbs xtlvy1s x126k92a\">\n<div dir=\"auto\">Kh\u00f4ng k\u1ec3 c\u00e2u chuy\u1ec7n c\u1ee5 th\u1ec3, t\u00e1c ph\u1ea9m \u0111\u1ec3 ng\u01b0\u1eddi xem t\u1ef1 c\u1ea3m nh\u1eadn: m\u1ed9t m\u00f9a \u0111\u00e3 ch\u00edn, m\u1ed9t n\u0103m \u0111\u00e3 tr\u00f2n, v\u00e0 m\u1ed9t kho\u1ea3nh kh\u1eafc y\u00ean vui tr\u01b0\u1edbc th\u1ec1m n\u0103m m\u1edbi \u2013 \u0111\u1ea7m \u1ea5m, an nhi\u00ean v\u00e0 \u0111\u1ea7y hy v\u1ecdng.<\/div>\n<\/div>","protected":false},"excerpt":{"rendered":"<p>&#8220;M\u00f9a h\u1ed3ng ch\u00edn&#8221; m\u1edf ra c\u1ea3m gi\u00e1c c\u1ee7a nh\u1eefng ng\u00e0y cu\u1ed1i n\u0103m \u2013 khi th\u1eddi gian ch\u1eadm l\u1ea1i \u0111\u1ec3 con ng\u01b0\u1eddi k\u1ecbp ngo\u1ea3nh nh\u00ecn m\u1ed9t v\u00f2ng tr\u00f2n \u0111\u00e3 kh\u00e9p. Nh\u1eefng th\u00e2n c\u00e2y v\u01b0\u01a1n l\u00ean v\u1eefng ch\u00e3i, mang theo t\u1eebng ch\u00f9m h\u1ed3ng \u0111\u1ecf \u1ea5m, nh\u01b0 k\u1ebft tinh c\u1ee7a c\u1ea3 m\u1ed9t n\u0103m c\u1ea7n m\u1eabn v\u00e0 b\u1ec1n b\u1ec9. [&hellip;]<\/p>","protected":false},"featured_media":1830,"comment_status":"open","ping_status":"closed","template":"","meta":{"_acf_changed":false},"product_brand":[],"product_cat":[37],"product_tag":[],"hoa_si":[68],"class_list":{"0":"post-1732","1":"product","2":"type-product","3":"status-publish","4":"has-post-thumbnail","6":"product_cat-son-mai","7":"hoa_si-tran-thai-duong","9":"first","10":"instock","11":"shipping-taxable","12":"product-type-simple"},"acf":[],"_links":{"self":[{"href":"https:\/\/bcmaisondart.com\/en\/wp-json\/wp\/v2\/product\/1732","targetHints":{"allow":["GET"]}}],"collection":[{"href":"https:\/\/bcmaisondart.com\/en\/wp-json\/wp\/v2\/product"}],"about":[{"href":"https:\/\/bcmaisondart.com\/en\/wp-json\/wp\/v2\/types\/product"}],"replies":[{"embeddable":true,"href":"https:\/\/bcmaisondart.com\/en\/wp-json\/wp\/v2\/comments?post=1732"}],"wp:featuredmedia":[{"embeddable":true,"href":"https:\/\/bcmaisondart.com\/en\/wp-json\/wp\/v2\/media\/1830"}],"wp:attachment":[{"href":"https:\/\/bcmaisondart.com\/en\/wp-json\/wp\/v2\/media?parent=1732"}],"wp:term":[{"taxonomy":"product_brand","embeddable":true,"href":"https:\/\/bcmaisondart.com\/en\/wp-json\/wp\/v2\/product_brand?post=1732"},{"taxonomy":"product_cat","embeddable":true,"href":"https:\/\/bcmaisondart.com\/en\/wp-json\/wp\/v2\/product_cat?post=1732"},{"taxonomy":"product_tag","embeddable":true,"href":"https:\/\/bcmaisondart.com\/en\/wp-json\/wp\/v2\/product_tag?post=1732"},{"taxonomy":"hoa_si","embeddable":true,"href":"https:\/\/bcmaisondart.com\/en\/wp-json\/wp\/v2\/hoa_si?post=1732"}],"curies":[{"name":"wp","href":"https:\/\/api.w.org\/{rel}","templated":true}]}}