{"id":1901,"date":"2025-12-26T17:15:08","date_gmt":"2025-12-26T10:15:08","guid":{"rendered":"https:\/\/bcmaisondart.com\/?post_type=product&#038;p=1901"},"modified":"2026-01-12T15:11:29","modified_gmt":"2026-01-12T08:11:29","slug":"dem-trang-2","status":"publish","type":"product","link":"https:\/\/bcmaisondart.com\/en\/tac-pham\/dem-trang-2\/","title":{"rendered":"\u0110\u00eam tr\u1eafng"},"content":{"rendered":"<p><span style=\"font-weight: 400;\">B\u00ecnh m\u1eabu \u0111\u01a1n trong \u00e1nh s\u00e1ng m\u1edd nh\u1eb9 c\u1ee7a \u0111\u00e8n khuya t\u0129nh l\u1eb7ng d\u01b0\u1edbi ng\u00f2i b\u00fat c\u1ee7a ho\u1ea1 s\u0129 Anh Nguy\u00ean th\u1eadt ng\u1ecdt ng\u00e0o, m\u01b0\u1edbt m\u00e1t. Nh\u1eefng b\u00f4ng hoa tr\u1eafng mu\u1ed1t v\u1edbi nh\u1eefng \u0111i\u1ec3m nh\u1ea5n tinh t\u1ebf nh\u01b0 \u0111ang khoe s\u1eafc \u0111\u1ebfn t\u1eadn c\u00f9ng, v\u01b0\u01a1n t\u1edbi th\u1ee9 \u00e1nh s\u00e1ng d\u1ecbu d\u00e0ng, v\u01b0\u1ee3t l\u00ean tr\u00ean c\u00e1i oi \u1ea3 c\u1ee7a m\u00f9a h\u00e8 H\u00e0 N\u1ed9i. Nh\u1eefng g\u00ec \u0111\u00e3 qua l\u00e0 \u0111\u00e3 qua, nh\u1eefng b\u1ee9c b\u1ed1i, n\u1ef1c n\u1ed9i d\u00f9 \u0111\u00e3 c\u00f3, c\u0169ng \u0111\u1ec1u \u0111\u00e3 \u1edf l\u1ea1i ph\u00eda sau. Ch\u1ec9 c\u1ea7n lu\u00f4n gi\u1eef m\u1ed9t tr\u00e1i tim an nhi\u00ean, l\u00e0 b\u1ea1n s\u1ebd lu\u00f4n th\u1ea5y nh\u1eefng th\u00e1ng ng\u00e0y ph\u00eda tr\u01b0\u1edbc d\u1ecbu d\u00e0ng, \u00e1nh s\u00e1ng s\u1ebd ch\u1edd \u0111\u00f3n b\u1ea1n v\u1edbi th\u1eadt nhi\u1ec1u \u0111i\u1ec1u m\u1edbi m\u1ebb.\u00a0<\/span><\/p>","protected":false},"excerpt":{"rendered":"<p>B\u00ecnh m\u1eabu \u0111\u01a1n trong \u00e1nh s\u00e1ng m\u1edd nh\u1eb9 c\u1ee7a \u0111\u00e8n khuya t\u0129nh l\u1eb7ng d\u01b0\u1edbi ng\u00f2i b\u00fat c\u1ee7a ho\u1ea1 s\u0129 Anh Nguy\u00ean th\u1eadt ng\u1ecdt ng\u00e0o, m\u01b0\u1edbt m\u00e1t. Nh\u1eefng b\u00f4ng hoa tr\u1eafng mu\u1ed1t v\u1edbi nh\u1eefng \u0111i\u1ec3m nh\u1ea5n tinh t\u1ebf nh\u01b0 \u0111ang khoe s\u1eafc \u0111\u1ebfn t\u1eadn c\u00f9ng, v\u01b0\u01a1n t\u1edbi th\u1ee9 \u00e1nh s\u00e1ng d\u1ecbu d\u00e0ng, v\u01b0\u1ee3t l\u00ean tr\u00ean c\u00e1i [&hellip;]<\/p>","protected":false},"featured_media":1897,"comment_status":"open","ping_status":"closed","template":"","meta":{"_acf_changed":false},"product_brand":[],"product_cat":[38],"product_tag":[],"hoa_si":[51],"class_list":{"0":"post-1901","1":"product","2":"type-product","3":"status-publish","4":"has-post-thumbnail","6":"product_cat-pastel-chi-but-bi","7":"hoa_si-nguyen-pastel","9":"first","10":"instock","11":"shipping-taxable","12":"product-type-simple"},"acf":[],"_links":{"self":[{"href":"https:\/\/bcmaisondart.com\/en\/wp-json\/wp\/v2\/product\/1901","targetHints":{"allow":["GET"]}}],"collection":[{"href":"https:\/\/bcmaisondart.com\/en\/wp-json\/wp\/v2\/product"}],"about":[{"href":"https:\/\/bcmaisondart.com\/en\/wp-json\/wp\/v2\/types\/product"}],"replies":[{"embeddable":true,"href":"https:\/\/bcmaisondart.com\/en\/wp-json\/wp\/v2\/comments?post=1901"}],"wp:featuredmedia":[{"embeddable":true,"href":"https:\/\/bcmaisondart.com\/en\/wp-json\/wp\/v2\/media\/1897"}],"wp:attachment":[{"href":"https:\/\/bcmaisondart.com\/en\/wp-json\/wp\/v2\/media?parent=1901"}],"wp:term":[{"taxonomy":"product_brand","embeddable":true,"href":"https:\/\/bcmaisondart.com\/en\/wp-json\/wp\/v2\/product_brand?post=1901"},{"taxonomy":"product_cat","embeddable":true,"href":"https:\/\/bcmaisondart.com\/en\/wp-json\/wp\/v2\/product_cat?post=1901"},{"taxonomy":"product_tag","embeddable":true,"href":"https:\/\/bcmaisondart.com\/en\/wp-json\/wp\/v2\/product_tag?post=1901"},{"taxonomy":"hoa_si","embeddable":true,"href":"https:\/\/bcmaisondart.com\/en\/wp-json\/wp\/v2\/hoa_si?post=1901"}],"curies":[{"name":"wp","href":"https:\/\/api.w.org\/{rel}","templated":true}]}}