{"id":1902,"date":"2025-12-26T17:16:32","date_gmt":"2025-12-26T10:16:32","guid":{"rendered":"https:\/\/bcmaisondart.com\/?post_type=product&#038;p=1902"},"modified":"2026-01-12T14:26:13","modified_gmt":"2026-01-12T07:26:13","slug":"bach-hop-anh-nguyen","status":"publish","type":"product","link":"https:\/\/bcmaisondart.com\/en\/tac-pham\/bach-hop-anh-nguyen\/","title":{"rendered":"B\u00e1ch h\u1ee3p"},"content":{"rendered":"<p>T\u00e1c ph\u1ea9m \u201cB\u00e1ch h\u1ee3p\u201d c\u1ee7a h\u1ecda s\u1ef9 Anh Nguy\u00ean th\u1ec3 hi\u1ec7n ba tr\u1ea1ng th\u00e1i c\u1ee7a hoa B\u00e1ch h\u1ee3p: nh\u1eefng chi\u1ebfc n\u1ee5 ch\u00fam ch\u00edm &#8211; nh\u1eefng b\u00f4ng hoa r\u1ef1c r\u1ee1 hay nh\u1eefng c\u00e1nh hoa \u0111ang h\u00e9o t\u00e0n \u0111\u1ec1u \u0111\u01b0\u1ee3c mi\u00eau t\u1ea3 r\u1ea5t t\u1ec9 m\u1ec9, th\u1ec3 hi\u1ec7n v\u1eb9n to\u00e0n n\u00e9t \u0111\u1eb9p kh\u00e1c bi\u1ec7t&#8230; N\u1ebfu s\u1ee9c s\u1ed1ng, ni\u1ec1m h\u1ee9ng kh\u1edfi c\u0103ng tr\u00e0n trong s\u1ef1 sinh s\u00f4i th\u00ec s\u1ef1 h\u00e9o t\u00e0n c\u0169ng mang \u0111\u1ebfn th\u1ee9 c\u1ea3m x\u00fac \u00eam d\u1ecbu nh\u01b0 m\u1ed9t s\u1ef1 ng\u01a1i ngh\u1ec9 c\u1ea7n thi\u1ebft!<br class=\"html-br\" \/>\u201cC\u0169ng l\u00e0 m\u1ed9t ki\u1ebfp lu\u00e2n h\u1ed3i<br class=\"html-br\" \/>V\u00f2ng quay v\u00f4 t\u1eadn cho \u0111\u1eddi \u0111\u1ed5i thay\u2026\u201d<br class=\"html-br\" \/>N\u00e2ng niu t\u1eebng s\u1ef1 kh\u00e1c bi\u1ec7t, tr\u00e2n tr\u1ecdng t\u1eebng kho\u1ea3nh kh\u1eafc, Anh Nguy\u00ean th\u1ed5i s\u1ef1 s\u1ed1ng v\u00e0 t\u00ecnh y\u00eau v\u00e0o nh\u1eefng th\u1ee9 t\u01b0\u1edfng ch\u1eebng b\u1ecf \u0111i, l\u01b0u gi\u1eef l\u1ea1i tr\u1ecdn v\u1eb9n nh\u1eefng g\u00ec \u0111\u1eb9p nh\u1ea5t \u0111\u1ec3 d\u00e0nh t\u1eb7ng cho \u0111\u1eddi, cho nh\u1eefng ng\u01b0\u1eddi h\u1eefu duy\u00ean&#8230;<\/p>","protected":false},"excerpt":{"rendered":"<p>T\u00e1c ph\u1ea9m \u201cB\u00e1ch h\u1ee3p\u201d c\u1ee7a h\u1ecda s\u1ef9 Anh Nguy\u00ean th\u1ec3 hi\u1ec7n ba tr\u1ea1ng th\u00e1i c\u1ee7a hoa B\u00e1ch h\u1ee3p: nh\u1eefng chi\u1ebfc n\u1ee5 ch\u00fam ch\u00edm &#8211; nh\u1eefng b\u00f4ng hoa r\u1ef1c r\u1ee1 hay nh\u1eefng c\u00e1nh hoa \u0111ang h\u00e9o t\u00e0n \u0111\u1ec1u \u0111\u01b0\u1ee3c mi\u00eau t\u1ea3 r\u1ea5t t\u1ec9 m\u1ec9, th\u1ec3 hi\u1ec7n v\u1eb9n to\u00e0n n\u00e9t \u0111\u1eb9p kh\u00e1c bi\u1ec7t&#8230; N\u1ebfu s\u1ee9c s\u1ed1ng, ni\u1ec1m [&hellip;]<\/p>","protected":false},"featured_media":1896,"comment_status":"open","ping_status":"closed","template":"","meta":{"_acf_changed":false},"product_brand":[],"product_cat":[38],"product_tag":[],"hoa_si":[51],"class_list":{"0":"post-1902","1":"product","2":"type-product","3":"status-publish","4":"has-post-thumbnail","6":"product_cat-pastel-chi-but-bi","7":"hoa_si-nguyen-pastel","9":"first","10":"instock","11":"shipping-taxable","12":"product-type-simple"},"acf":[],"_links":{"self":[{"href":"https:\/\/bcmaisondart.com\/en\/wp-json\/wp\/v2\/product\/1902","targetHints":{"allow":["GET"]}}],"collection":[{"href":"https:\/\/bcmaisondart.com\/en\/wp-json\/wp\/v2\/product"}],"about":[{"href":"https:\/\/bcmaisondart.com\/en\/wp-json\/wp\/v2\/types\/product"}],"replies":[{"embeddable":true,"href":"https:\/\/bcmaisondart.com\/en\/wp-json\/wp\/v2\/comments?post=1902"}],"wp:featuredmedia":[{"embeddable":true,"href":"https:\/\/bcmaisondart.com\/en\/wp-json\/wp\/v2\/media\/1896"}],"wp:attachment":[{"href":"https:\/\/bcmaisondart.com\/en\/wp-json\/wp\/v2\/media?parent=1902"}],"wp:term":[{"taxonomy":"product_brand","embeddable":true,"href":"https:\/\/bcmaisondart.com\/en\/wp-json\/wp\/v2\/product_brand?post=1902"},{"taxonomy":"product_cat","embeddable":true,"href":"https:\/\/bcmaisondart.com\/en\/wp-json\/wp\/v2\/product_cat?post=1902"},{"taxonomy":"product_tag","embeddable":true,"href":"https:\/\/bcmaisondart.com\/en\/wp-json\/wp\/v2\/product_tag?post=1902"},{"taxonomy":"hoa_si","embeddable":true,"href":"https:\/\/bcmaisondart.com\/en\/wp-json\/wp\/v2\/hoa_si?post=1902"}],"curies":[{"name":"wp","href":"https:\/\/api.w.org\/{rel}","templated":true}]}}