{"id":1903,"date":"2025-12-26T17:17:26","date_gmt":"2025-12-26T10:17:26","guid":{"rendered":"https:\/\/bcmaisondart.com\/?post_type=product&#038;p=1903"},"modified":"2026-01-12T14:29:29","modified_gmt":"2026-01-12T07:29:29","slug":"lac-hong-quan","status":"publish","type":"product","link":"https:\/\/bcmaisondart.com\/en\/tac-pham\/lac-hong-quan\/","title":{"rendered":"L\u1ea1c H\u1ed3ng Qu\u00e2n"},"content":{"rendered":"<p>M\u1ed9t kho\u1ea3ng s\u00e2n g\u1ea1ch x\u01b0a, m\u1ed9t chi\u1ebfc tr\u01b0\u1eddng k\u1ef7 c\u0169, v\u00e0 nh\u1eefng c\u00e1nh hoa r\u01a1i ph\u1ee7 \u0111\u1ea7y m\u1eb7t \u0111\u1ea5t sau c\u01a1n m\u01b0a v\u1eeba t\u1ea1nh. Kh\u00f4ng kh\u00ed \u1ea9m \u01b0\u1edbt, b\u1ea3ng l\u1ea3ng h\u01a1i s\u01b0\u01a1ng\u2026 t\u1ea5t c\u1ea3 \u0111\u01b0\u1ee3c h\u1ecda s\u0129 Nguy\u00ean Pastel ghi l\u1ea1i b\u1eb1ng ph\u1ea5n m\u00e0u \u2013 ch\u1ea5t li\u1ec7u tinh t\u1ebf, n\u01a1i t\u1eebng l\u1edbp b\u1ed9t m\u1ecbn th\u1ea5m \u0111\u1eabm c\u1ea3m x\u00fac, ch\u1ea1m \u0111\u1ebfn s\u1ef1 t\u0129nh l\u1eb7ng v\u00e0 s\u00e2u th\u1eb3m c\u1ee7a k\u00fd \u1ee9c.<br class=\"html-br\" \/>\u201cL\u1ea1c H\u1ed3ng Qu\u00e2n\u201d v\u1eeba tr\u1ea7m v\u1eeba s\u00e1ng, v\u1eeba l\u00e0 h\u00ecnh \u1ea3nh hoa r\u01a1i sau m\u01b0a, v\u1eeba l\u00e0 \u1ea9n d\u1ee5 cho ni\u1ec1m vui sau b\u00e3o gi\u00f4ng \u2013 khi tr\u1eddi \u0111\u1ea5t tr\u1edf l\u1ea1i h\u00f2a \u0111i\u1ec7u an nhi\u00ean. Tr\u1eddi \u0111\u1ea5t nh\u01b0 giao thoa; gi\u1eefa s\u1eafc h\u1ed3ng d\u1ecbu c\u1ee7a hoa, ng\u01b0\u1eddi xem b\u1eaft g\u1eb7p h\u01a1i th\u1edf c\u1ee7a th\u1eddi gian, c\u1ee7a v\u0169 tr\u1ee5\u2026 T\u00e1c ph\u1ea9m kh\u00f4ng ch\u1ec9 g\u1ee3i n\u00ean v\u1ebb \u0111\u1eb9p thi\u1ec1n t\u0129nh m\u00e0 c\u00f2n \u1ea9n ch\u1ee9a tri\u1ebft l\u00fd s\u00e2u xa v\u1ec1 s\u1ef1 xoay v\u1ea7n, t\u00e1i sinh v\u00e0 ni\u1ec1m tin v\u00e0o \u00e1nh s\u00e1ng sau c\u01a1n m\u01b0a. T\u00e1c ph\u1ea9m \u0111\u01b0\u1ee3c in trong T\u1ea1p ch\u00ed M\u1ef9 thu\u1eadt \u2013 \u1ea5n ph\u1ea9m uy t\u00edn c\u1ee7a H\u1ed9i M\u1ef9 thu\u1eadt Vi\u1ec7t Nam.<\/p>","protected":false},"excerpt":{"rendered":"<p>M\u1ed9t kho\u1ea3ng s\u00e2n g\u1ea1ch x\u01b0a, m\u1ed9t chi\u1ebfc tr\u01b0\u1eddng k\u1ef7 c\u0169, v\u00e0 nh\u1eefng c\u00e1nh hoa r\u01a1i ph\u1ee7 \u0111\u1ea7y m\u1eb7t \u0111\u1ea5t sau c\u01a1n m\u01b0a v\u1eeba t\u1ea1nh. Kh\u00f4ng kh\u00ed \u1ea9m \u01b0\u1edbt, b\u1ea3ng l\u1ea3ng h\u01a1i s\u01b0\u01a1ng\u2026 t\u1ea5t c\u1ea3 \u0111\u01b0\u1ee3c h\u1ecda s\u0129 Nguy\u00ean Pastel ghi l\u1ea1i b\u1eb1ng ph\u1ea5n m\u00e0u \u2013 ch\u1ea5t li\u1ec7u tinh t\u1ebf, n\u01a1i t\u1eebng l\u1edbp b\u1ed9t m\u1ecbn th\u1ea5m [&hellip;]<\/p>","protected":false},"featured_media":1900,"comment_status":"open","ping_status":"closed","template":"","meta":{"_acf_changed":false},"product_brand":[],"product_cat":[38],"product_tag":[],"hoa_si":[51],"class_list":{"0":"post-1903","1":"product","2":"type-product","3":"status-publish","4":"has-post-thumbnail","6":"product_cat-pastel-chi-but-bi","7":"hoa_si-nguyen-pastel","9":"first","10":"instock","11":"shipping-taxable","12":"product-type-simple"},"acf":[],"_links":{"self":[{"href":"https:\/\/bcmaisondart.com\/en\/wp-json\/wp\/v2\/product\/1903","targetHints":{"allow":["GET"]}}],"collection":[{"href":"https:\/\/bcmaisondart.com\/en\/wp-json\/wp\/v2\/product"}],"about":[{"href":"https:\/\/bcmaisondart.com\/en\/wp-json\/wp\/v2\/types\/product"}],"replies":[{"embeddable":true,"href":"https:\/\/bcmaisondart.com\/en\/wp-json\/wp\/v2\/comments?post=1903"}],"wp:featuredmedia":[{"embeddable":true,"href":"https:\/\/bcmaisondart.com\/en\/wp-json\/wp\/v2\/media\/1900"}],"wp:attachment":[{"href":"https:\/\/bcmaisondart.com\/en\/wp-json\/wp\/v2\/media?parent=1903"}],"wp:term":[{"taxonomy":"product_brand","embeddable":true,"href":"https:\/\/bcmaisondart.com\/en\/wp-json\/wp\/v2\/product_brand?post=1903"},{"taxonomy":"product_cat","embeddable":true,"href":"https:\/\/bcmaisondart.com\/en\/wp-json\/wp\/v2\/product_cat?post=1903"},{"taxonomy":"product_tag","embeddable":true,"href":"https:\/\/bcmaisondart.com\/en\/wp-json\/wp\/v2\/product_tag?post=1903"},{"taxonomy":"hoa_si","embeddable":true,"href":"https:\/\/bcmaisondart.com\/en\/wp-json\/wp\/v2\/hoa_si?post=1903"}],"curies":[{"name":"wp","href":"https:\/\/api.w.org\/{rel}","templated":true}]}}