{"id":1905,"date":"2025-12-26T17:27:23","date_gmt":"2025-12-26T10:27:23","guid":{"rendered":"https:\/\/bcmaisondart.com\/?post_type=product&#038;p=1905"},"modified":"2026-01-12T13:45:39","modified_gmt":"2026-01-12T06:45:39","slug":"mai-xanh","status":"publish","type":"product","link":"https:\/\/bcmaisondart.com\/en\/tac-pham\/mai-xanh\/","title":{"rendered":"M\u00e3i xanh"},"content":{"rendered":"<p>\u201cM\u00e3i xanh\u201d ghi l\u1ea1i trung th\u1ef1c n\u00e9t \u0111\u1eb9p ban s\u01a1 c\u1ee7a nh\u1eefng m\u1ea7m hoa m\u1ecdc tr\u00ean khe \u0111\u00e1. Trong kh\u00f4ng gian l\u00e3ng \u0111\u00e3ng v\u00e0 \u00e1nh s\u00e1ng m\u01a1 h\u1ed3, nh\u1eefng m\u1ea7m c\u00e2y ch\u1eaft chiu nh\u1ef1a s\u1ed1ng tr\u00ean nh\u1eefng th\u1ee9 kh\u00f4 c\u1eb1n nh\u1ea5t, t\u1ef1 do sinh s\u00f4i\u2026 Nh\u1edd s\u1ef1 rung \u0111\u1ed9ng c\u1ee7a t\u00e2m h\u1ed3n ng\u01b0\u1eddi ngh\u1ec7 s\u0129, m\u00e0u xanh an l\u00e0nh \u0111\u00f3 \u0111\u00e3 \u0111\u01b0\u1ee3c t\u1eb7ng cho nh\u1eefng ng\u01b0\u1eddi h\u1eefu duy\u00ean c\u00f9ng th\u01b0\u1edfng l\u00e3m&#8230;<\/p>","protected":false},"excerpt":{"rendered":"<p>\u201cM\u00e3i xanh\u201d ghi l\u1ea1i trung th\u1ef1c n\u00e9t \u0111\u1eb9p ban s\u01a1 c\u1ee7a nh\u1eefng m\u1ea7m hoa m\u1ecdc tr\u00ean khe \u0111\u00e1. Trong kh\u00f4ng gian l\u00e3ng \u0111\u00e3ng v\u00e0 \u00e1nh s\u00e1ng m\u01a1 h\u1ed3, nh\u1eefng m\u1ea7m c\u00e2y ch\u1eaft chiu nh\u1ef1a s\u1ed1ng tr\u00ean nh\u1eefng th\u1ee9 kh\u00f4 c\u1eb1n nh\u1ea5t, t\u1ef1 do sinh s\u00f4i\u2026 Nh\u1edd s\u1ef1 rung \u0111\u1ed9ng c\u1ee7a t\u00e2m h\u1ed3n ng\u01b0\u1eddi ngh\u1ec7 s\u0129, [&hellip;]<\/p>","protected":false},"featured_media":1895,"comment_status":"open","ping_status":"closed","template":"","meta":{"_acf_changed":false},"product_brand":[],"product_cat":[38],"product_tag":[],"hoa_si":[51],"class_list":{"0":"post-1905","1":"product","2":"type-product","3":"status-publish","4":"has-post-thumbnail","6":"product_cat-pastel-chi-but-bi","7":"hoa_si-nguyen-pastel","9":"first","10":"instock","11":"shipping-taxable","12":"product-type-simple"},"acf":[],"_links":{"self":[{"href":"https:\/\/bcmaisondart.com\/en\/wp-json\/wp\/v2\/product\/1905","targetHints":{"allow":["GET"]}}],"collection":[{"href":"https:\/\/bcmaisondart.com\/en\/wp-json\/wp\/v2\/product"}],"about":[{"href":"https:\/\/bcmaisondart.com\/en\/wp-json\/wp\/v2\/types\/product"}],"replies":[{"embeddable":true,"href":"https:\/\/bcmaisondart.com\/en\/wp-json\/wp\/v2\/comments?post=1905"}],"wp:featuredmedia":[{"embeddable":true,"href":"https:\/\/bcmaisondart.com\/en\/wp-json\/wp\/v2\/media\/1895"}],"wp:attachment":[{"href":"https:\/\/bcmaisondart.com\/en\/wp-json\/wp\/v2\/media?parent=1905"}],"wp:term":[{"taxonomy":"product_brand","embeddable":true,"href":"https:\/\/bcmaisondart.com\/en\/wp-json\/wp\/v2\/product_brand?post=1905"},{"taxonomy":"product_cat","embeddable":true,"href":"https:\/\/bcmaisondart.com\/en\/wp-json\/wp\/v2\/product_cat?post=1905"},{"taxonomy":"product_tag","embeddable":true,"href":"https:\/\/bcmaisondart.com\/en\/wp-json\/wp\/v2\/product_tag?post=1905"},{"taxonomy":"hoa_si","embeddable":true,"href":"https:\/\/bcmaisondart.com\/en\/wp-json\/wp\/v2\/hoa_si?post=1905"}],"curies":[{"name":"wp","href":"https:\/\/api.w.org\/{rel}","templated":true}]}}