{"id":1906,"date":"2025-12-26T17:30:50","date_gmt":"2025-12-26T10:30:50","guid":{"rendered":"https:\/\/bcmaisondart.com\/?post_type=product&#038;p=1906"},"modified":"2026-01-12T14:52:13","modified_gmt":"2026-01-12T07:52:13","slug":"nguoi-dan-ong-thoi-sao","status":"publish","type":"product","link":"https:\/\/bcmaisondart.com\/en\/tac-pham\/nguoi-dan-ong-thoi-sao\/","title":{"rendered":"Ng\u01b0\u1eddi \u0111\u00e0n \u00f4ng th\u1ed5i s\u00e1o"},"content":{"rendered":"<p>&#8220;L\u01b0ng tr\u1eddi ti\u1ebfng s\u00e1o tr\u00fac bay<br class=\"html-br\" \/>Ng\u00e2n nga tr\u1ea7m b\u1ed5ng \u0111\u1eafm say l\u00f2ng ng\u01b0\u1eddi&#8230;<br class=\"html-br\" \/>Thi\u00ean nhi\u00ean, c\u1ea3nh s\u1eafc m\u00e2y tr\u1eddi<br class=\"html-br\" \/>H\u00f2a trong ti\u1ebfng s\u00e1o tr\u00ean m\u00f4i ng\u1ecdt ng\u00e0o&#8230;&#8221;<br class=\"html-br\" \/>V\u1edbi b\u00fat ph\u00e1p ri\u00eang khi kh\u1eafc ho\u1ea1 nh\u00e2n v\u1eadt ch\u00ednh n\u1ed5i b\u1eadt tr\u00ean n\u1ec1n m\u00e0u t\u1ef1 do, ph\u00f3ng kho\u00e1ng t\u1ea1o ra s\u1ef1 \u0111\u1ed1i l\u1eadp v\u1ec1 h\u00ecnh \u1ea3nh v\u00e0 hi\u1ec7u \u1ee9ng \u00e2m thanh m\u1ea1nh m\u1ebd, ho\u1ea1 s\u0129 L\u00ea Ng\u1ecdc Ly r\u1ea5t th\u00e0nh c\u00f4ng khi truy\u1ec1n t\u1ea3i tr\u1ecdn v\u1eb9n \u201cgiai \u0111i\u1ec7u t\u1eeb \u0111\u1ea5t\u201d c\u1ee7a ng\u01b0\u1eddi Ch\u0103m &#8211; ti\u1ebfng k\u00e8n Saranai.<br class=\"html-br\" \/>K\u00e8n Saranai l\u00e0 m\u1ed9t trong b\u1ed9 ba ch\u1ee7 \u0111\u1ea1o c\u1ee7a ng\u01b0\u1eddi d\u00e2n n\u01a1i \u0111\u00e2y, t\u01b0\u1ee3ng tr\u01b0ng cho b\u1ea3n th\u1ec3 con ng\u01b0\u1eddi (\u0111\u1ea7u, m\u00ecnh v\u00e0 t\u1ee9 chi) hay l\u00e0 t\u01b0\u1ee3ng tr\u01b0ng cho tr\u1eddi, \u0111\u1ea5t, con ng\u01b0\u1eddi n\u00ean lu\u00f4n \u0111\u01b0\u1ee3c di\u1ec5n t\u1ea5u v\u1edbi nhau, th\u1ec3 hi\u1ec7n s\u1ef1; h\u00f2a nh\u1eadp &#8220;thi\u00ean, \u0111\u1ecba, nh\u00e2n\u201d. Ng\u1eafm t\u00e1c ph\u1ea9m, ng\u01b0\u1eddi xem nh\u01b0 c\u1ea3m nh\u1eadn \u0111\u01b0\u1ee3c \u00e2m \u0111i\u1ec7u c\u1ee7a n\u00fai r\u1eebng \u0111\u1ea7y b\u00ecnh d\u1ecb, hoang s\u01a1 qua nh\u1eefng gam m\u00e0u tr\u1ea7m \u1ea5m\u2026<\/p>","protected":false},"excerpt":{"rendered":"<p>&#8220;L\u01b0ng tr\u1eddi ti\u1ebfng s\u00e1o tr\u00fac bayNg\u00e2n nga tr\u1ea7m b\u1ed5ng \u0111\u1eafm say l\u00f2ng ng\u01b0\u1eddi&#8230;Thi\u00ean nhi\u00ean, c\u1ea3nh s\u1eafc m\u00e2y tr\u1eddiH\u00f2a trong ti\u1ebfng s\u00e1o tr\u00ean m\u00f4i ng\u1ecdt ng\u00e0o&#8230;&#8221;V\u1edbi b\u00fat ph\u00e1p ri\u00eang khi kh\u1eafc ho\u1ea1 nh\u00e2n v\u1eadt ch\u00ednh n\u1ed5i b\u1eadt tr\u00ean n\u1ec1n m\u00e0u t\u1ef1 do, ph\u00f3ng kho\u00e1ng t\u1ea1o ra s\u1ef1 \u0111\u1ed1i l\u1eadp v\u1ec1 h\u00ecnh \u1ea3nh v\u00e0 hi\u1ec7u \u1ee9ng \u00e2m [&hellip;]<\/p>","protected":false},"featured_media":1909,"comment_status":"open","ping_status":"closed","template":"","meta":{"_acf_changed":false},"product_brand":[],"product_cat":[35],"product_tag":[],"hoa_si":[58],"class_list":{"0":"post-1906","1":"product","2":"type-product","3":"status-publish","4":"has-post-thumbnail","6":"product_cat-tranh-son-dau","7":"hoa_si-le-ngoc-ly","9":"first","10":"instock","11":"shipping-taxable","12":"product-type-simple"},"acf":[],"_links":{"self":[{"href":"https:\/\/bcmaisondart.com\/en\/wp-json\/wp\/v2\/product\/1906","targetHints":{"allow":["GET"]}}],"collection":[{"href":"https:\/\/bcmaisondart.com\/en\/wp-json\/wp\/v2\/product"}],"about":[{"href":"https:\/\/bcmaisondart.com\/en\/wp-json\/wp\/v2\/types\/product"}],"replies":[{"embeddable":true,"href":"https:\/\/bcmaisondart.com\/en\/wp-json\/wp\/v2\/comments?post=1906"}],"wp:featuredmedia":[{"embeddable":true,"href":"https:\/\/bcmaisondart.com\/en\/wp-json\/wp\/v2\/media\/1909"}],"wp:attachment":[{"href":"https:\/\/bcmaisondart.com\/en\/wp-json\/wp\/v2\/media?parent=1906"}],"wp:term":[{"taxonomy":"product_brand","embeddable":true,"href":"https:\/\/bcmaisondart.com\/en\/wp-json\/wp\/v2\/product_brand?post=1906"},{"taxonomy":"product_cat","embeddable":true,"href":"https:\/\/bcmaisondart.com\/en\/wp-json\/wp\/v2\/product_cat?post=1906"},{"taxonomy":"product_tag","embeddable":true,"href":"https:\/\/bcmaisondart.com\/en\/wp-json\/wp\/v2\/product_tag?post=1906"},{"taxonomy":"hoa_si","embeddable":true,"href":"https:\/\/bcmaisondart.com\/en\/wp-json\/wp\/v2\/hoa_si?post=1906"}],"curies":[{"name":"wp","href":"https:\/\/api.w.org\/{rel}","templated":true}]}}