{"id":1925,"date":"2025-12-26T17:31:49","date_gmt":"2025-12-26T10:31:49","guid":{"rendered":"https:\/\/bcmaisondart.com\/?post_type=product&#038;p=1925"},"modified":"2026-01-12T14:45:00","modified_gmt":"2026-01-12T07:45:00","slug":"hai-ba-chau-hmong","status":"publish","type":"product","link":"https:\/\/bcmaisondart.com\/en\/tac-pham\/hai-ba-chau-hmong\/","title":{"rendered":"Hai b\u00e0 ch\u00e1u H&#8217;mong"},"content":{"rendered":"<p>Ho\u1ea1 s\u1ef9 L\u00ea Ng\u1ecdc Ly ghi d\u1ea5u v\u1edbi ng\u01b0\u1eddi xem b\u1edfi nh\u1eefng t\u00e1c ph\u1ea9m \u0111\u1ea7y ng\u1eabu h\u1ee9ng v\u1ec1 \u0111\u1ec1 t\u00e0i kh\u00f4ng m\u1edbi nh\u01b0ng mang s\u1eafc th\u00e1i r\u1ea5t ri\u00eang\u2026<br class=\"html-br\" \/>Th\u00f4ng qua nh\u1eefng t\u00edn hi\u1ec7u th\u1ecb gi\u00e1c \u0111\u01b0\u1ee3c h\u1ecda s\u1ef9 tr\u1ea3i kh\u1eafp tr\u00ean b\u1ec1 m\u1eb7t tranh, l\u00e0 s\u1ef1 ph\u1ed1i ng\u1eabu c\u1ee7a h\u00e0nh \u0111\u1ed9ng tung t\u1ea9y ch\u1ea3y tr\u01b0\u1ee3t loang l\u1ed5 v\u00f4 \u0111\u1ecbnh c\u1ee7a m\u00e0u nh\u01b0ng l\u1ea1i r\u1ea5t c\u00f3 \u00fd \u1edf n\u1ec1n, \u0111\u1ed1i l\u1eadp v\u1edbi bi\u1ec3u h\u00ecnh c\u1ee5 th\u1ec3 r\u00f5 r\u00e0ng kh\u00fac chi\u1ebft n\u01a1i ti\u1ec1n c\u1ea3nh, cho c\u1ea3m gi\u00e1c v\u1ec1 s\u1ef1 v\u1eadn \u0111\u1ed9ng nh\u1ecbp nh\u00e0ng c\u1ee7a kh\u00f4ng gian, th\u1eddi gian.<br class=\"html-br\" \/>B\u1ee9c tranh mang m\u00e0u s\u1eafc \u00c1 \u0110\u00f4ng t\u00f4ng v\u00e0ng \u0111\u1ea5t v\u1edbi m\u00e0u \u0111\u1ecf son tr\u00ean ph\u1ee5c trang truy\u1ec1n th\u1ed1ng c\u1ee7a \u0111\u1ed3ng b\u00e0o d\u00e2n t\u1ed9c r\u1ea5t m\u1ed9c m\u1ea1c m\u00e0 tinh t\u1ebf, mang t\u1edbi s\u1ef1 \u1ea5m \u00e1p trong m\u1ed1i li\u00ean h\u1ec7 gi\u1eefa hai b\u00e0 ch\u00e1u.<br class=\"html-br\" \/>Ch\u00fat \u00fd \u0111\u1ed3 t\u00e1c gi\u1ea3 \u0111\u1eb7t nh\u00e2n v\u1eadt h\u01a1i l\u1ec7ch sang b\u00ean tr\u00e1i t\u1ea1o c\u1ea3m gi\u00e1c v\u1eadn \u0111\u1ed9ng c\u0169ng nh\u01b0 t\u00f4n l\u00ean, l\u00e0m r\u00f5 h\u01a1n phong c\u00e1ch ri\u00eang c\u1ee7a m\u00ecnh. Trong kho\u1ea3nh kh\u1eafc b\u00e0n tay kia \u0111ang \u0111i\u00eau luy\u1ec7n \u0111an t\u1ea1o nh\u1eefng s\u1ee3i ch\u1ec9 h\u00ecnh th\u00e0nh ra t\u1ea5m \u00e1o, nh\u01b0 \u0111an l\u00ean 1 t\u00ecnh c\u1ea3m v\u1eefng b\u1ec1n v\u00e0 ch\u1eafc ch\u1eafn cho th\u1ebf h\u1ec7 mai sau\u2026<\/p>","protected":false},"excerpt":{"rendered":"<p>Ho\u1ea1 s\u1ef9 L\u00ea Ng\u1ecdc Ly ghi d\u1ea5u v\u1edbi ng\u01b0\u1eddi xem b\u1edfi nh\u1eefng t\u00e1c ph\u1ea9m \u0111\u1ea7y ng\u1eabu h\u1ee9ng v\u1ec1 \u0111\u1ec1 t\u00e0i kh\u00f4ng m\u1edbi nh\u01b0ng mang s\u1eafc th\u00e1i r\u1ea5t ri\u00eang\u2026Th\u00f4ng qua nh\u1eefng t\u00edn hi\u1ec7u th\u1ecb gi\u00e1c \u0111\u01b0\u1ee3c h\u1ecda s\u1ef9 tr\u1ea3i kh\u1eafp tr\u00ean b\u1ec1 m\u1eb7t tranh, l\u00e0 s\u1ef1 ph\u1ed1i ng\u1eabu c\u1ee7a h\u00e0nh \u0111\u1ed9ng tung t\u1ea9y ch\u1ea3y tr\u01b0\u1ee3t loang [&hellip;]<\/p>","protected":false},"featured_media":1907,"comment_status":"open","ping_status":"closed","template":"","meta":{"_acf_changed":false},"product_brand":[],"product_cat":[35],"product_tag":[],"hoa_si":[58],"class_list":{"0":"post-1925","1":"product","2":"type-product","3":"status-publish","4":"has-post-thumbnail","6":"product_cat-tranh-son-dau","7":"hoa_si-le-ngoc-ly","9":"first","10":"instock","11":"shipping-taxable","12":"product-type-simple"},"acf":[],"_links":{"self":[{"href":"https:\/\/bcmaisondart.com\/en\/wp-json\/wp\/v2\/product\/1925","targetHints":{"allow":["GET"]}}],"collection":[{"href":"https:\/\/bcmaisondart.com\/en\/wp-json\/wp\/v2\/product"}],"about":[{"href":"https:\/\/bcmaisondart.com\/en\/wp-json\/wp\/v2\/types\/product"}],"replies":[{"embeddable":true,"href":"https:\/\/bcmaisondart.com\/en\/wp-json\/wp\/v2\/comments?post=1925"}],"wp:featuredmedia":[{"embeddable":true,"href":"https:\/\/bcmaisondart.com\/en\/wp-json\/wp\/v2\/media\/1907"}],"wp:attachment":[{"href":"https:\/\/bcmaisondart.com\/en\/wp-json\/wp\/v2\/media?parent=1925"}],"wp:term":[{"taxonomy":"product_brand","embeddable":true,"href":"https:\/\/bcmaisondart.com\/en\/wp-json\/wp\/v2\/product_brand?post=1925"},{"taxonomy":"product_cat","embeddable":true,"href":"https:\/\/bcmaisondart.com\/en\/wp-json\/wp\/v2\/product_cat?post=1925"},{"taxonomy":"product_tag","embeddable":true,"href":"https:\/\/bcmaisondart.com\/en\/wp-json\/wp\/v2\/product_tag?post=1925"},{"taxonomy":"hoa_si","embeddable":true,"href":"https:\/\/bcmaisondart.com\/en\/wp-json\/wp\/v2\/hoa_si?post=1925"}],"curies":[{"name":"wp","href":"https:\/\/api.w.org\/{rel}","templated":true}]}}