{"id":1926,"date":"2025-12-26T17:32:36","date_gmt":"2025-12-26T10:32:36","guid":{"rendered":"https:\/\/bcmaisondart.com\/?post_type=product&#038;p=1926"},"modified":"2026-01-12T14:51:06","modified_gmt":"2026-01-12T07:51:06","slug":"hai-ba-chau-hmong-2","status":"publish","type":"product","link":"https:\/\/bcmaisondart.com\/en\/tac-pham\/hai-ba-chau-hmong-2\/","title":{"rendered":"\u0110\u00f4i b\u1ea1n"},"content":{"rendered":"<p>Tranh c\u1ee7a h\u1ecda s\u1ef9 L\u00ea Ng\u1ecdc Ly g\u00e2y \u1ea5n t\u01b0\u1ee3ng \u1edf m\u1ea3ng tranh hi\u1ec7n th\u1ef1c. M\u1ea3ng, kh\u1ed1i hi\u1ec7n h\u00ecnh m\u00e3nh li\u1ec7t trong tranh t\u1ea1o n\u00ean s\u1ef1 t\u01b0\u01a1ng ph\u1ea3n s\u00e1ng &#8211; t\u1ed1i, n\u00f3ng &#8211; l\u1ea1nh v\u1edbi m\u1ed9t nh\u1ecbp \u0111i\u1ec7u r\u1ea5t ri\u00eang. C\u1ea3nh v\u00e0 ng\u01b0\u1eddi trong tranh c\u1ee7a h\u1ecda s\u1ef9 nh\u01b0 h\u00f2a l\u00e0m m\u1ed9t, r\u1ea5t h\u00e0i h\u00f2a, y\u00ean b\u00ecnh khi\u1ebfn ng\u01b0\u1eddi xem nh\u01b0 \u0111\u01b0\u1ee3c ch\u00ecm trong kh\u00f4ng gian m\u00e0 nh\u00e2n v\u1eadt \u0111ang s\u1ed1ng.<\/p>","protected":false},"excerpt":{"rendered":"<p>Tranh c\u1ee7a h\u1ecda s\u1ef9 L\u00ea Ng\u1ecdc Ly g\u00e2y \u1ea5n t\u01b0\u1ee3ng \u1edf m\u1ea3ng tranh hi\u1ec7n th\u1ef1c. M\u1ea3ng, kh\u1ed1i hi\u1ec7n h\u00ecnh m\u00e3nh li\u1ec7t trong tranh t\u1ea1o n\u00ean s\u1ef1 t\u01b0\u01a1ng ph\u1ea3n s\u00e1ng &#8211; t\u1ed1i, n\u00f3ng &#8211; l\u1ea1nh v\u1edbi m\u1ed9t nh\u1ecbp \u0111i\u1ec7u r\u1ea5t ri\u00eang. C\u1ea3nh v\u00e0 ng\u01b0\u1eddi trong tranh c\u1ee7a h\u1ecda s\u1ef9 nh\u01b0 h\u00f2a l\u00e0m m\u1ed9t, r\u1ea5t h\u00e0i h\u00f2a, [&hellip;]<\/p>","protected":false},"featured_media":1919,"comment_status":"open","ping_status":"closed","template":"","meta":{"_acf_changed":false},"product_brand":[],"product_cat":[35],"product_tag":[],"hoa_si":[58],"class_list":{"0":"post-1926","1":"product","2":"type-product","3":"status-publish","4":"has-post-thumbnail","6":"product_cat-tranh-son-dau","7":"hoa_si-le-ngoc-ly","9":"first","10":"instock","11":"shipping-taxable","12":"product-type-simple"},"acf":[],"_links":{"self":[{"href":"https:\/\/bcmaisondart.com\/en\/wp-json\/wp\/v2\/product\/1926","targetHints":{"allow":["GET"]}}],"collection":[{"href":"https:\/\/bcmaisondart.com\/en\/wp-json\/wp\/v2\/product"}],"about":[{"href":"https:\/\/bcmaisondart.com\/en\/wp-json\/wp\/v2\/types\/product"}],"replies":[{"embeddable":true,"href":"https:\/\/bcmaisondart.com\/en\/wp-json\/wp\/v2\/comments?post=1926"}],"wp:featuredmedia":[{"embeddable":true,"href":"https:\/\/bcmaisondart.com\/en\/wp-json\/wp\/v2\/media\/1919"}],"wp:attachment":[{"href":"https:\/\/bcmaisondart.com\/en\/wp-json\/wp\/v2\/media?parent=1926"}],"wp:term":[{"taxonomy":"product_brand","embeddable":true,"href":"https:\/\/bcmaisondart.com\/en\/wp-json\/wp\/v2\/product_brand?post=1926"},{"taxonomy":"product_cat","embeddable":true,"href":"https:\/\/bcmaisondart.com\/en\/wp-json\/wp\/v2\/product_cat?post=1926"},{"taxonomy":"product_tag","embeddable":true,"href":"https:\/\/bcmaisondart.com\/en\/wp-json\/wp\/v2\/product_tag?post=1926"},{"taxonomy":"hoa_si","embeddable":true,"href":"https:\/\/bcmaisondart.com\/en\/wp-json\/wp\/v2\/hoa_si?post=1926"}],"curies":[{"name":"wp","href":"https:\/\/api.w.org\/{rel}","templated":true}]}}