{"id":1927,"date":"2025-12-26T17:33:50","date_gmt":"2025-12-26T10:33:50","guid":{"rendered":"https:\/\/bcmaisondart.com\/?post_type=product&#038;p=1927"},"modified":"2026-01-12T14:47:51","modified_gmt":"2026-01-12T07:47:51","slug":"binh-minh","status":"publish","type":"product","link":"https:\/\/bcmaisondart.com\/en\/tac-pham\/binh-minh\/","title":{"rendered":"B\u00ecnh minh"},"content":{"rendered":"<p>Tranh \u0110\u00e0o H\u1ea3i Phong c\u00f3 m\u1ed9t phong c\u00e1ch ri\u00eang bi\u1ec7t v\u00e0 duy nh\u1ea5t. H\u1ecda s\u1ef9 th\u01b0\u1eddng ch\u1ecdn v\u1ebd phong c\u1ea3nh v\u1edbi t\u00f4ng m\u1ea7u t\u01b0\u01a1i s\u00e1ng, xanh, \u0111\u1ecf, t\u00edm, v\u00e0ng\u2026 r\u1ef1c r\u1ee1, b\u1eaft m\u1eaft. Anh th\u00edch s\u1ef1 t\u01b0\u01a1ng ph\u1ea3n, s\u00e1ng t\u1ed1i, \u0111\u00eam ng\u00e0y, nh\u1eefng c\u00e1i \u0111\u1ed1i nhau chan ch\u00e1t \u0111\u1ec3 mang v\u00e0o t\u00e1c ph\u1ea9m.<\/p>","protected":false},"excerpt":{"rendered":"<p>Tranh \u0110\u00e0o H\u1ea3i Phong c\u00f3 m\u1ed9t phong c\u00e1ch ri\u00eang bi\u1ec7t v\u00e0 duy nh\u1ea5t. H\u1ecda s\u1ef9 th\u01b0\u1eddng ch\u1ecdn v\u1ebd phong c\u1ea3nh v\u1edbi t\u00f4ng m\u1ea7u t\u01b0\u01a1i s\u00e1ng, xanh, \u0111\u1ecf, t\u00edm, v\u00e0ng\u2026 r\u1ef1c r\u1ee1, b\u1eaft m\u1eaft. Anh th\u00edch s\u1ef1 t\u01b0\u01a1ng ph\u1ea3n, s\u00e1ng t\u1ed1i, \u0111\u00eam ng\u00e0y, nh\u1eefng c\u00e1i \u0111\u1ed1i nhau chan ch\u00e1t \u0111\u1ec3 mang v\u00e0o t\u00e1c ph\u1ea9m.<\/p>","protected":false},"featured_media":1913,"comment_status":"open","ping_status":"closed","template":"","meta":{"_acf_changed":false},"product_brand":[],"product_cat":[35],"product_tag":[],"hoa_si":[55],"class_list":{"0":"post-1927","1":"product","2":"type-product","3":"status-publish","4":"has-post-thumbnail","6":"product_cat-tranh-son-dau","7":"hoa_si-dao-hai-phong","9":"first","10":"instock","11":"shipping-taxable","12":"product-type-simple"},"acf":[],"_links":{"self":[{"href":"https:\/\/bcmaisondart.com\/en\/wp-json\/wp\/v2\/product\/1927","targetHints":{"allow":["GET"]}}],"collection":[{"href":"https:\/\/bcmaisondart.com\/en\/wp-json\/wp\/v2\/product"}],"about":[{"href":"https:\/\/bcmaisondart.com\/en\/wp-json\/wp\/v2\/types\/product"}],"replies":[{"embeddable":true,"href":"https:\/\/bcmaisondart.com\/en\/wp-json\/wp\/v2\/comments?post=1927"}],"wp:featuredmedia":[{"embeddable":true,"href":"https:\/\/bcmaisondart.com\/en\/wp-json\/wp\/v2\/media\/1913"}],"wp:attachment":[{"href":"https:\/\/bcmaisondart.com\/en\/wp-json\/wp\/v2\/media?parent=1927"}],"wp:term":[{"taxonomy":"product_brand","embeddable":true,"href":"https:\/\/bcmaisondart.com\/en\/wp-json\/wp\/v2\/product_brand?post=1927"},{"taxonomy":"product_cat","embeddable":true,"href":"https:\/\/bcmaisondart.com\/en\/wp-json\/wp\/v2\/product_cat?post=1927"},{"taxonomy":"product_tag","embeddable":true,"href":"https:\/\/bcmaisondart.com\/en\/wp-json\/wp\/v2\/product_tag?post=1927"},{"taxonomy":"hoa_si","embeddable":true,"href":"https:\/\/bcmaisondart.com\/en\/wp-json\/wp\/v2\/hoa_si?post=1927"}],"curies":[{"name":"wp","href":"https:\/\/api.w.org\/{rel}","templated":true}]}}