{"id":1968,"date":"2025-12-27T09:12:54","date_gmt":"2025-12-27T02:12:54","guid":{"rendered":"https:\/\/bcmaisondart.com\/?post_type=product&#038;p=1968"},"modified":"2026-01-12T14:23:00","modified_gmt":"2026-01-12T07:23:00","slug":"hoang-hon","status":"publish","type":"product","link":"https:\/\/bcmaisondart.com\/en\/tac-pham\/hoang-hon\/","title":{"rendered":"Ho\u00e0ng h\u00f4n"},"content":{"rendered":"<p>\u0110\u00e0o H\u1ea3i Phong l\u00e0 h\u1ecda s\u1ef9 l\u00e0m th\u01a1 b\u1eb1ng tranh, tranh c\u1ee7a anh l\u00e0 th\u1ebf gi\u1edbi thi h\u1ecda. M\u1ed7i b\u1ee9c tranh nh\u01b0 m\u1ed9t t\u1ee9 th\u01a1, m\u1ed9t b\u00e0i th\u01a1 hay v\u00e0 \u0111\u1eb9p v\u1edbi \u0111\u1ea7y c\u1ea3m x\u00fac m\u00e0 \u0111\u1ed9c gi\u1ea3 d\u1ec5 d\u00e0ng t\u00ecm th\u1ea5y \u0111\u01b0\u1ee3c m\u1ed1i giao c\u1ea3m ngh\u1ec7 thu\u1eadt\u2026<br class=\"html-br\" \/><br class=\"html-br\" \/>Trong tranh c\u1ee7a \u0110\u00e0o H\u1ea3i Phong, ng\u01b0\u1eddi xem lu\u00f4n b\u1eaft g\u1eb7p nh\u1eefng gam m\u00e0u t\u01b0\u01a1i s\u00e1ng, n\u1ed3ng \u1ea5m. Qua g\u00f3c nh\u00ecn c\u1ee7a ng\u01b0\u1eddi tr\u1ebb, tranh v\u00e0 \u0111\u1eddi c\u1ee7a \u0110\u00e0o H\u1ea3i Phong v\u1eabn gi\u1eef nguy\u00ean \u0111\u01b0\u1ee3c \u201cch\u1ea5t\u201d nh\u01b0ng l\u1ea1i kho\u00e1c l\u00ean m\u00ecnh d\u00e1ng v\u1ebb tr\u1ebb trung v\u00e0 h\u01a1i th\u1edf th\u1eddi \u0111\u1ea1i.<\/p>","protected":false},"excerpt":{"rendered":"<p>\u0110\u00e0o H\u1ea3i Phong l\u00e0 h\u1ecda s\u1ef9 l\u00e0m th\u01a1 b\u1eb1ng tranh, tranh c\u1ee7a anh l\u00e0 th\u1ebf gi\u1edbi thi h\u1ecda. M\u1ed7i b\u1ee9c tranh nh\u01b0 m\u1ed9t t\u1ee9 th\u01a1, m\u1ed9t b\u00e0i th\u01a1 hay v\u00e0 \u0111\u1eb9p v\u1edbi \u0111\u1ea7y c\u1ea3m x\u00fac m\u00e0 \u0111\u1ed9c gi\u1ea3 d\u1ec5 d\u00e0ng t\u00ecm th\u1ea5y \u0111\u01b0\u1ee3c m\u1ed1i giao c\u1ea3m ngh\u1ec7 thu\u1eadt\u2026Trong tranh c\u1ee7a \u0110\u00e0o H\u1ea3i Phong, ng\u01b0\u1eddi xem [&hellip;]<\/p>","protected":false},"featured_media":1969,"comment_status":"open","ping_status":"closed","template":"","meta":{"_acf_changed":false},"product_brand":[],"product_cat":[35],"product_tag":[],"hoa_si":[55],"class_list":{"0":"post-1968","1":"product","2":"type-product","3":"status-publish","4":"has-post-thumbnail","6":"product_cat-tranh-son-dau","7":"hoa_si-dao-hai-phong","9":"first","10":"instock","11":"shipping-taxable","12":"product-type-simple"},"acf":[],"_links":{"self":[{"href":"https:\/\/bcmaisondart.com\/en\/wp-json\/wp\/v2\/product\/1968","targetHints":{"allow":["GET"]}}],"collection":[{"href":"https:\/\/bcmaisondart.com\/en\/wp-json\/wp\/v2\/product"}],"about":[{"href":"https:\/\/bcmaisondart.com\/en\/wp-json\/wp\/v2\/types\/product"}],"replies":[{"embeddable":true,"href":"https:\/\/bcmaisondart.com\/en\/wp-json\/wp\/v2\/comments?post=1968"}],"wp:featuredmedia":[{"embeddable":true,"href":"https:\/\/bcmaisondart.com\/en\/wp-json\/wp\/v2\/media\/1969"}],"wp:attachment":[{"href":"https:\/\/bcmaisondart.com\/en\/wp-json\/wp\/v2\/media?parent=1968"}],"wp:term":[{"taxonomy":"product_brand","embeddable":true,"href":"https:\/\/bcmaisondart.com\/en\/wp-json\/wp\/v2\/product_brand?post=1968"},{"taxonomy":"product_cat","embeddable":true,"href":"https:\/\/bcmaisondart.com\/en\/wp-json\/wp\/v2\/product_cat?post=1968"},{"taxonomy":"product_tag","embeddable":true,"href":"https:\/\/bcmaisondart.com\/en\/wp-json\/wp\/v2\/product_tag?post=1968"},{"taxonomy":"hoa_si","embeddable":true,"href":"https:\/\/bcmaisondart.com\/en\/wp-json\/wp\/v2\/hoa_si?post=1968"}],"curies":[{"name":"wp","href":"https:\/\/api.w.org\/{rel}","templated":true}]}}