{"id":1971,"date":"2025-12-27T09:14:49","date_gmt":"2025-12-27T02:14:49","guid":{"rendered":"https:\/\/bcmaisondart.com\/?post_type=product&#038;p=1971"},"modified":"2026-01-12T11:40:09","modified_gmt":"2026-01-12T04:40:09","slug":"buoi-sang","status":"publish","type":"product","link":"https:\/\/bcmaisondart.com\/en\/tac-pham\/buoi-sang\/","title":{"rendered":"Bu\u1ed5i s\u00e1ng"},"content":{"rendered":"<p>Khoa h\u1ecdc \u0111\u01b0a ra 1 k\u1ebft lu\u1eadn th\u00fa v\u1ecb: &#8220;Nh\u1eefng tr\u1ea3i nghi\u1ec7m \u0111\u1ea7y c\u1ea3m h\u1ee9ng nh\u01b0 ng\u1eafm ho\u00e0ng h\u00f4n, nghe m\u1ed9t b\u1ea3n h\u00f2a t\u1ea5u g\u00e2y x\u00fac \u0111\u1ed9ng ho\u1eb7c chi\u00eam ng\u01b0\u1ee1ng m\u1ed9t b\u1ee9c tranh \u1ea5n t\u01b0\u1ee3ng, \u0111\u1ec1u c\u00f3 th\u1ec3 d\u1eabn \u0111\u1ebfn m\u1ed9t cu\u1ed9c s\u1ed1ng h\u1ea1nh ph\u00fac v\u00e0 kh\u1ecfe m\u1ea1nh h\u01a1n&#8230;&#8221; C\u00f9ng B&amp;C Maison d&#8217;Art th\u01b0\u1edfng th\u1ee9c t\u00e1c ph\u1ea9m \u201cBu\u1ed5i s\u00e1ng\u201d cho t\u00e2m h\u1ed3n th\u00eam ng\u1ecdt ng\u00e0o v\u00e0 thi v\u1ecb.<\/p>","protected":false},"excerpt":{"rendered":"<p>Khoa h\u1ecdc \u0111\u01b0a ra 1 k\u1ebft lu\u1eadn th\u00fa v\u1ecb: &#8220;Nh\u1eefng tr\u1ea3i nghi\u1ec7m \u0111\u1ea7y c\u1ea3m h\u1ee9ng nh\u01b0 ng\u1eafm ho\u00e0ng h\u00f4n, nghe m\u1ed9t b\u1ea3n h\u00f2a t\u1ea5u g\u00e2y x\u00fac \u0111\u1ed9ng ho\u1eb7c chi\u00eam ng\u01b0\u1ee1ng m\u1ed9t b\u1ee9c tranh \u1ea5n t\u01b0\u1ee3ng, \u0111\u1ec1u c\u00f3 th\u1ec3 d\u1eabn \u0111\u1ebfn m\u1ed9t cu\u1ed9c s\u1ed1ng h\u1ea1nh ph\u00fac v\u00e0 kh\u1ecfe m\u1ea1nh h\u01a1n&#8230;&#8221; C\u00f9ng B&amp;C Maison d&#8217;Art th\u01b0\u1edfng th\u1ee9c [&hellip;]<\/p>","protected":false},"featured_media":1933,"comment_status":"open","ping_status":"closed","template":"","meta":{"_acf_changed":false},"product_brand":[],"product_cat":[35],"product_tag":[],"hoa_si":[57],"class_list":{"0":"post-1971","1":"product","2":"type-product","3":"status-publish","4":"has-post-thumbnail","6":"product_cat-tranh-son-dau","7":"hoa_si-dang-xuan-hoa","9":"first","10":"instock","11":"shipping-taxable","12":"product-type-simple"},"acf":[],"_links":{"self":[{"href":"https:\/\/bcmaisondart.com\/en\/wp-json\/wp\/v2\/product\/1971","targetHints":{"allow":["GET"]}}],"collection":[{"href":"https:\/\/bcmaisondart.com\/en\/wp-json\/wp\/v2\/product"}],"about":[{"href":"https:\/\/bcmaisondart.com\/en\/wp-json\/wp\/v2\/types\/product"}],"replies":[{"embeddable":true,"href":"https:\/\/bcmaisondart.com\/en\/wp-json\/wp\/v2\/comments?post=1971"}],"wp:featuredmedia":[{"embeddable":true,"href":"https:\/\/bcmaisondart.com\/en\/wp-json\/wp\/v2\/media\/1933"}],"wp:attachment":[{"href":"https:\/\/bcmaisondart.com\/en\/wp-json\/wp\/v2\/media?parent=1971"}],"wp:term":[{"taxonomy":"product_brand","embeddable":true,"href":"https:\/\/bcmaisondart.com\/en\/wp-json\/wp\/v2\/product_brand?post=1971"},{"taxonomy":"product_cat","embeddable":true,"href":"https:\/\/bcmaisondart.com\/en\/wp-json\/wp\/v2\/product_cat?post=1971"},{"taxonomy":"product_tag","embeddable":true,"href":"https:\/\/bcmaisondart.com\/en\/wp-json\/wp\/v2\/product_tag?post=1971"},{"taxonomy":"hoa_si","embeddable":true,"href":"https:\/\/bcmaisondart.com\/en\/wp-json\/wp\/v2\/hoa_si?post=1971"}],"curies":[{"name":"wp","href":"https:\/\/api.w.org\/{rel}","templated":true}]}}