{"id":1975,"date":"2025-12-27T09:19:48","date_gmt":"2025-12-27T02:19:48","guid":{"rendered":"https:\/\/bcmaisondart.com\/?post_type=product&#038;p=1975"},"modified":"2026-01-12T15:22:53","modified_gmt":"2026-01-12T08:22:53","slug":"goi-nho","status":"publish","type":"product","link":"https:\/\/bcmaisondart.com\/en\/tac-pham\/goi-nho\/","title":{"rendered":"G\u1ee3i nh\u1edb"},"content":{"rendered":"<p>M\u1ed9t l\u00e1t c\u1eaft \u0111\u1eb7c bi\u1ec7t v\u1ec1 H\u00e0 N\u1ed9i \u2013 n\u01a1i qu\u00e1 kh\u1ee9 v\u00e0 hi\u1ec7n t\u1ea1i h\u00f2a quy\u1ec7n trong gam m\u00e0u ho\u00e0i ni\u1ec7m. T\u00f2a nh\u00e0 bi\u1ec3u t\u01b0\u1ee3ng th\u1ee7 \u0111\u00f4 n\u01a1i g\u00f3c ph\u1ed1, d\u00f2ng xe, nh\u1eefng b\u00f3ng c\u00e2y c\u1ed5 th\u1ee5\u2026 t\u1ea5t c\u1ea3 hi\u1ec7n l\u00ean qua n\u00e9t c\u1ecd kho\u00e1ng \u0111\u1ea1t, g\u1ee3i nh\u1edb v\u1ec1 dung m\u1ea1o \u0111\u00f4 th\u00e0nh m\u1ed9t th\u1eddi, \u0111\u00e1nh th\u1ee9c c\u1ea3 kho\u1ea3ng k\u00fd \u1ee9c d\u1ecbu d\u00e0ng tr\u1ed7i d\u1eady.<br class=\"html-br\" \/>H\u00e0 N\u1ed9i thay \u0111\u1ed5i t\u1eebng ng\u00e0y, kho\u00e1c l\u00ean m\u00ecnh di\u1ec7n m\u1ea1o m\u1edbi x\u1ee9ng t\u1ea7m h\u01a1n, nh\u01b0ng trong chi\u1ec1u s\u00e2u k\u00fd \u1ee9c, v\u1eabn c\u00f3 m\u1ed9t H\u00e0 N\u1ed9i kh\u00e1c \u2013 d\u1ecbu d\u00e0ng v\u1edbi g\u00f3c ph\u1ed1 x\u01b0a, h\u00e0ng c\u00e2y c\u0169, nh\u1eefng k\u1ef7 ni\u1ec7m h\u00f3a th\u00e0nh giai \u0111i\u1ec7u l\u1eb7ng th\u1ea7m, kh\u00f3 phai trong l\u00f2ng ng\u01b0\u1eddi.<\/p>","protected":false},"excerpt":{"rendered":"<p>M\u1ed9t l\u00e1t c\u1eaft \u0111\u1eb7c bi\u1ec7t v\u1ec1 H\u00e0 N\u1ed9i \u2013 n\u01a1i qu\u00e1 kh\u1ee9 v\u00e0 hi\u1ec7n t\u1ea1i h\u00f2a quy\u1ec7n trong gam m\u00e0u ho\u00e0i ni\u1ec7m. T\u00f2a nh\u00e0 bi\u1ec3u t\u01b0\u1ee3ng th\u1ee7 \u0111\u00f4 n\u01a1i g\u00f3c ph\u1ed1, d\u00f2ng xe, nh\u1eefng b\u00f3ng c\u00e2y c\u1ed5 th\u1ee5\u2026 t\u1ea5t c\u1ea3 hi\u1ec7n l\u00ean qua n\u00e9t c\u1ecd kho\u00e1ng \u0111\u1ea1t, g\u1ee3i nh\u1edb v\u1ec1 dung m\u1ea1o \u0111\u00f4 th\u00e0nh m\u1ed9t [&hellip;]<\/p>","protected":false},"featured_media":1938,"comment_status":"open","ping_status":"closed","template":"","meta":{"_acf_changed":false},"product_brand":[],"product_cat":[35],"product_tag":[],"hoa_si":[52],"class_list":{"0":"post-1975","1":"product","2":"type-product","3":"status-publish","4":"has-post-thumbnail","6":"product_cat-tranh-son-dau","7":"hoa_si-doan-xuan-tung","9":"first","10":"instock","11":"shipping-taxable","12":"product-type-simple"},"acf":[],"_links":{"self":[{"href":"https:\/\/bcmaisondart.com\/en\/wp-json\/wp\/v2\/product\/1975","targetHints":{"allow":["GET"]}}],"collection":[{"href":"https:\/\/bcmaisondart.com\/en\/wp-json\/wp\/v2\/product"}],"about":[{"href":"https:\/\/bcmaisondart.com\/en\/wp-json\/wp\/v2\/types\/product"}],"replies":[{"embeddable":true,"href":"https:\/\/bcmaisondart.com\/en\/wp-json\/wp\/v2\/comments?post=1975"}],"wp:featuredmedia":[{"embeddable":true,"href":"https:\/\/bcmaisondart.com\/en\/wp-json\/wp\/v2\/media\/1938"}],"wp:attachment":[{"href":"https:\/\/bcmaisondart.com\/en\/wp-json\/wp\/v2\/media?parent=1975"}],"wp:term":[{"taxonomy":"product_brand","embeddable":true,"href":"https:\/\/bcmaisondart.com\/en\/wp-json\/wp\/v2\/product_brand?post=1975"},{"taxonomy":"product_cat","embeddable":true,"href":"https:\/\/bcmaisondart.com\/en\/wp-json\/wp\/v2\/product_cat?post=1975"},{"taxonomy":"product_tag","embeddable":true,"href":"https:\/\/bcmaisondart.com\/en\/wp-json\/wp\/v2\/product_tag?post=1975"},{"taxonomy":"hoa_si","embeddable":true,"href":"https:\/\/bcmaisondart.com\/en\/wp-json\/wp\/v2\/hoa_si?post=1975"}],"curies":[{"name":"wp","href":"https:\/\/api.w.org\/{rel}","templated":true}]}}