{"id":1983,"date":"2025-12-27T09:36:38","date_gmt":"2025-12-27T02:36:38","guid":{"rendered":"https:\/\/bcmaisondart.com\/?post_type=product&#038;p=1983"},"modified":"2026-01-12T11:34:39","modified_gmt":"2026-01-12T04:34:39","slug":"doc-tau-violon","status":"publish","type":"product","link":"https:\/\/bcmaisondart.com\/en\/tac-pham\/doc-tau-violon\/","title":{"rendered":"\u0110\u1ed9c t\u1ea5u Violon"},"content":{"rendered":"<p>D\u1eebng ch\u00e2n tr\u01b0\u1edbc t\u00e1c ph\u1ea9m \u201c\u0110\u1ed9c t\u1ea5u Violon\u201d c\u1ee7a h\u1ecda s\u0129 Nguy\u1ec5n Thanh B\u00ecnh ch\u1ee3t nh\u1eadn ra ph\u1ea3i ch\u0103ng \u00e2m thanh \u1ea5y t\u1eeb n\u00e9t c\u1ecd c\u1ea5t l\u00ean? M\u1ed9t n\u00e0ng thi\u1ebfu n\u1eef trong chi\u1ebfc v\u00e1y xanh th\u1eb3m, gi\u1ea3n d\u1ecb m\u00e0 thanh tao \u0111ang ch\u00ecm \u0111\u1eafm trong th\u1ebf gi\u1edbi \u00e2m nh\u1ea1c c\u1ee7a m\u00ecnh nh\u01b0 truy\u1ec1n c\u1ea3 t\u00ecnh y\u00eau \u00e2m nh\u1ea1c c\u1ed5 \u0111i\u1ec3n \u1ea5y t\u1edbi m\u1ecdi ng\u01b0\u1eddi. \u201c\u0110\u1ed9c t\u1ea5u Violon\u201d v\u00ec th\u1ebf kh\u00f4ng ch\u1ec9 l\u00e0 m\u1ed9t b\u1ee9c tranh, m\u00e0 c\u00f2n l\u00e0 m\u1ed9t b\u1ea3n nh\u1ea1c th\u1ea7m th\u00ec g\u1eedi \u0111\u1ebfn t\u00e2m h\u1ed3n: nh\u1eb9 nh\u00e0ng, tinh t\u1ebf nh\u01b0ng th\u1ea5m s\u00e2u v\u00e0 b\u1ec1n l\u00e2u.<\/p>","protected":false},"excerpt":{"rendered":"<p>D\u1eebng ch\u00e2n tr\u01b0\u1edbc t\u00e1c ph\u1ea9m \u201c\u0110\u1ed9c t\u1ea5u Violon\u201d c\u1ee7a h\u1ecda s\u0129 Nguy\u1ec5n Thanh B\u00ecnh ch\u1ee3t nh\u1eadn ra ph\u1ea3i ch\u0103ng \u00e2m thanh \u1ea5y t\u1eeb n\u00e9t c\u1ecd c\u1ea5t l\u00ean? M\u1ed9t n\u00e0ng thi\u1ebfu n\u1eef trong chi\u1ebfc v\u00e1y xanh th\u1eb3m, gi\u1ea3n d\u1ecb m\u00e0 thanh tao \u0111ang ch\u00ecm \u0111\u1eafm trong th\u1ebf gi\u1edbi \u00e2m nh\u1ea1c c\u1ee7a m\u00ecnh nh\u01b0 truy\u1ec1n c\u1ea3 t\u00ecnh [&hellip;]<\/p>","protected":false},"featured_media":1960,"comment_status":"open","ping_status":"closed","template":"","meta":{"_acf_changed":false},"product_brand":[],"product_cat":[35],"product_tag":[],"hoa_si":[33],"class_list":{"0":"post-1983","1":"product","2":"type-product","3":"status-publish","4":"has-post-thumbnail","6":"product_cat-tranh-son-dau","7":"hoa_si-nguyen-thanh-binh","9":"first","10":"instock","11":"shipping-taxable","12":"product-type-simple"},"acf":[],"_links":{"self":[{"href":"https:\/\/bcmaisondart.com\/en\/wp-json\/wp\/v2\/product\/1983","targetHints":{"allow":["GET"]}}],"collection":[{"href":"https:\/\/bcmaisondart.com\/en\/wp-json\/wp\/v2\/product"}],"about":[{"href":"https:\/\/bcmaisondart.com\/en\/wp-json\/wp\/v2\/types\/product"}],"replies":[{"embeddable":true,"href":"https:\/\/bcmaisondart.com\/en\/wp-json\/wp\/v2\/comments?post=1983"}],"wp:featuredmedia":[{"embeddable":true,"href":"https:\/\/bcmaisondart.com\/en\/wp-json\/wp\/v2\/media\/1960"}],"wp:attachment":[{"href":"https:\/\/bcmaisondart.com\/en\/wp-json\/wp\/v2\/media?parent=1983"}],"wp:term":[{"taxonomy":"product_brand","embeddable":true,"href":"https:\/\/bcmaisondart.com\/en\/wp-json\/wp\/v2\/product_brand?post=1983"},{"taxonomy":"product_cat","embeddable":true,"href":"https:\/\/bcmaisondart.com\/en\/wp-json\/wp\/v2\/product_cat?post=1983"},{"taxonomy":"product_tag","embeddable":true,"href":"https:\/\/bcmaisondart.com\/en\/wp-json\/wp\/v2\/product_tag?post=1983"},{"taxonomy":"hoa_si","embeddable":true,"href":"https:\/\/bcmaisondart.com\/en\/wp-json\/wp\/v2\/hoa_si?post=1983"}],"curies":[{"name":"wp","href":"https:\/\/api.w.org\/{rel}","templated":true}]}}