{"id":1984,"date":"2025-12-27T09:37:45","date_gmt":"2025-12-27T02:37:45","guid":{"rendered":"https:\/\/bcmaisondart.com\/?post_type=product&#038;p=1984"},"modified":"2026-01-12T11:36:04","modified_gmt":"2026-01-12T04:36:04","slug":"tam-tau","status":"publish","type":"product","link":"https:\/\/bcmaisondart.com\/en\/tac-pham\/tam-tau\/","title":{"rendered":"Tam t\u1ea5u"},"content":{"rendered":"<p>N\u1ebfu \u201c\u0110\u1ed9c t\u1ea5u Violon\u201d l\u00e0 kh\u1edfi \u0111\u1ea7u b\u1eb1ng m\u1ed9t giai \u0111i\u1ec7u ri\u00eang t\u01b0, \u0111\u1ea7y say m\u00ea th\u00ec v\u1edbi \u201cTam t\u1ea5u\u201d, \u00e2m nh\u1ea1c \u0111\u00e3 h\u00f3a th\u00e0nh d\u00f2ng ch\u1ea3y c\u1ed9ng h\u01b0\u1edfng, lan t\u1ecfa v\u00e0 th\u0103ng hoa. Ba n\u1eef ngh\u1ec7 s\u1ef9 \u2013 violon, piano v\u00e0 cello \u2013 hi\u1ec7n l\u00ean trong b\u1ed1 c\u1ee5c gi\u1ea3n l\u01b0\u1ee3c m\u00e0 tinh t\u1ebf, h\u00f2a quy\u1ec7n c\u00f9ng nhau nh\u01b0 ba s\u1eafc th\u00e1i c\u1ee7a m\u1ed9t b\u1ea3n nh\u1ea1c duy nh\u1ea5t.<br class=\"html-br\" \/>V\u1eabn l\u00e0 b\u00fat ph\u00e1p t\u1ed1i gi\u1ea3n, d\u1ee9t kho\u00e1t v\u00e0 \u0111\u1ea7y ti\u1ebft ch\u1ebf quen thu\u1ed9c c\u1ee7a Nguy\u1ec5n Thanh B\u00ecnh, nh\u01b0ng \u1edf \u0111\u00e2y, s\u1ee9c m\u1ea1nh c\u1ee7a h\u1ed9i h\u1ecda kh\u00f4ng c\u00f2n n\u1eb1m trong n\u00e9t \u0111\u1eb9p ri\u00eang l\u1ebb, m\u00e0 \u1edf s\u1ef1 h\u00f2a \u0111i\u1ec7u, \u0111\u1ed3ng v\u1ecdng. Nh\u01b0 ch\u00ednh \u00e2m nh\u1ea1c c\u1ed5 \u0111i\u1ec3n \u2013 khi vang l\u00ean trong kh\u00f4ng gian, n\u00f3 x\u00f3a nh\u00f2a kho\u1ea3ng c\u00e1ch, \u0111\u01b0a con ng\u01b0\u1eddi \u0111\u1ebfn g\u1ea7n nhau h\u01a1n b\u1eb1ng s\u1ef1 \u0111\u1ed3ng c\u1ea3m trong t\u00e2m h\u1ed3n.<br class=\"html-br\" \/>\u201cTam t\u1ea5u\u201d v\u00ec th\u1ebf kh\u00f4ng ch\u1ec9 l\u00e0 m\u1ed9t b\u1ee9c tranh, m\u00e0 l\u00e0 minh ch\u1ee9ng cho s\u1ee9c m\u1ea1nh th\u1ea7n k\u1ef3 c\u1ee7a \u00e2m nh\u1ea1c: lan t\u1ecfa, g\u1eafn k\u1ebft v\u00e0 nu\u00f4i d\u01b0\u1ee1ng v\u1ebb \u0111\u1eb9p tinh th\u1ea7n.<\/p>","protected":false},"excerpt":{"rendered":"<p>N\u1ebfu \u201c\u0110\u1ed9c t\u1ea5u Violon\u201d l\u00e0 kh\u1edfi \u0111\u1ea7u b\u1eb1ng m\u1ed9t giai \u0111i\u1ec7u ri\u00eang t\u01b0, \u0111\u1ea7y say m\u00ea th\u00ec v\u1edbi \u201cTam t\u1ea5u\u201d, \u00e2m nh\u1ea1c \u0111\u00e3 h\u00f3a th\u00e0nh d\u00f2ng ch\u1ea3y c\u1ed9ng h\u01b0\u1edfng, lan t\u1ecfa v\u00e0 th\u0103ng hoa. Ba n\u1eef ngh\u1ec7 s\u1ef9 \u2013 violon, piano v\u00e0 cello \u2013 hi\u1ec7n l\u00ean trong b\u1ed1 c\u1ee5c gi\u1ea3n l\u01b0\u1ee3c m\u00e0 tinh t\u1ebf, h\u00f2a [&hellip;]<\/p>","protected":false},"featured_media":1962,"comment_status":"open","ping_status":"closed","template":"","meta":{"_acf_changed":false},"product_brand":[],"product_cat":[35],"product_tag":[],"hoa_si":[33],"class_list":{"0":"post-1984","1":"product","2":"type-product","3":"status-publish","4":"has-post-thumbnail","6":"product_cat-tranh-son-dau","7":"hoa_si-nguyen-thanh-binh","9":"first","10":"instock","11":"shipping-taxable","12":"product-type-simple"},"acf":[],"_links":{"self":[{"href":"https:\/\/bcmaisondart.com\/en\/wp-json\/wp\/v2\/product\/1984","targetHints":{"allow":["GET"]}}],"collection":[{"href":"https:\/\/bcmaisondart.com\/en\/wp-json\/wp\/v2\/product"}],"about":[{"href":"https:\/\/bcmaisondart.com\/en\/wp-json\/wp\/v2\/types\/product"}],"replies":[{"embeddable":true,"href":"https:\/\/bcmaisondart.com\/en\/wp-json\/wp\/v2\/comments?post=1984"}],"wp:featuredmedia":[{"embeddable":true,"href":"https:\/\/bcmaisondart.com\/en\/wp-json\/wp\/v2\/media\/1962"}],"wp:attachment":[{"href":"https:\/\/bcmaisondart.com\/en\/wp-json\/wp\/v2\/media?parent=1984"}],"wp:term":[{"taxonomy":"product_brand","embeddable":true,"href":"https:\/\/bcmaisondart.com\/en\/wp-json\/wp\/v2\/product_brand?post=1984"},{"taxonomy":"product_cat","embeddable":true,"href":"https:\/\/bcmaisondart.com\/en\/wp-json\/wp\/v2\/product_cat?post=1984"},{"taxonomy":"product_tag","embeddable":true,"href":"https:\/\/bcmaisondart.com\/en\/wp-json\/wp\/v2\/product_tag?post=1984"},{"taxonomy":"hoa_si","embeddable":true,"href":"https:\/\/bcmaisondart.com\/en\/wp-json\/wp\/v2\/hoa_si?post=1984"}],"curies":[{"name":"wp","href":"https:\/\/api.w.org\/{rel}","templated":true}]}}