{"id":1985,"date":"2025-12-27T09:38:40","date_gmt":"2025-12-27T02:38:40","guid":{"rendered":"https:\/\/bcmaisondart.com\/?post_type=product&#038;p=1985"},"modified":"2026-01-12T11:39:13","modified_gmt":"2026-01-12T04:39:13","slug":"tinh-vat","status":"publish","type":"product","link":"https:\/\/bcmaisondart.com\/en\/tac-pham\/tinh-vat\/","title":{"rendered":"T\u0129nh v\u1eadt"},"content":{"rendered":"<p>Tranh c\u1ee7a h\u1ecda s\u1ef9 Nguy\u1ec5n Thanh B\u00ecnh lu\u00f4n n\u1ed5i b\u1eadt \u1edf kh\u1ea3 n\u0103ng x\u1eed l\u00fd h\u00ecnh v\u00e0 m\u00e0u v\u1edbi \u0111\u1ed9 trong s\u00e1ng \u0111\u1ea7y quy\u1ebfn r\u0169. Y\u00eau l\u1eafm v\u1ebb \u0111\u1eb9p thanh tao, huy\u1ec1n \u1ea3o \u0111\u1ebfn nao l\u00f2ng c\u1ee7a b\u00ecnh b\u00f4ng trong t\u00e1c ph\u1ea9m t\u0129nh v\u1eadt c\u1ee7a \u00f4ng&#8230;<\/p>","protected":false},"excerpt":{"rendered":"<p>Tranh c\u1ee7a h\u1ecda s\u1ef9 Nguy\u1ec5n Thanh B\u00ecnh lu\u00f4n n\u1ed5i b\u1eadt \u1edf kh\u1ea3 n\u0103ng x\u1eed l\u00fd h\u00ecnh v\u00e0 m\u00e0u v\u1edbi \u0111\u1ed9 trong s\u00e1ng \u0111\u1ea7y quy\u1ebfn r\u0169. Y\u00eau l\u1eafm v\u1ebb \u0111\u1eb9p thanh tao, huy\u1ec1n \u1ea3o \u0111\u1ebfn nao l\u00f2ng c\u1ee7a b\u00ecnh b\u00f4ng trong t\u00e1c ph\u1ea9m t\u0129nh v\u1eadt c\u1ee7a \u00f4ng&#8230;<\/p>","protected":false},"featured_media":1963,"comment_status":"open","ping_status":"closed","template":"","meta":{"_acf_changed":false},"product_brand":[],"product_cat":[35],"product_tag":[],"hoa_si":[33],"class_list":{"0":"post-1985","1":"product","2":"type-product","3":"status-publish","4":"has-post-thumbnail","6":"product_cat-tranh-son-dau","7":"hoa_si-nguyen-thanh-binh","9":"first","10":"instock","11":"shipping-taxable","12":"product-type-simple"},"acf":[],"_links":{"self":[{"href":"https:\/\/bcmaisondart.com\/en\/wp-json\/wp\/v2\/product\/1985","targetHints":{"allow":["GET"]}}],"collection":[{"href":"https:\/\/bcmaisondart.com\/en\/wp-json\/wp\/v2\/product"}],"about":[{"href":"https:\/\/bcmaisondart.com\/en\/wp-json\/wp\/v2\/types\/product"}],"replies":[{"embeddable":true,"href":"https:\/\/bcmaisondart.com\/en\/wp-json\/wp\/v2\/comments?post=1985"}],"wp:featuredmedia":[{"embeddable":true,"href":"https:\/\/bcmaisondart.com\/en\/wp-json\/wp\/v2\/media\/1963"}],"wp:attachment":[{"href":"https:\/\/bcmaisondart.com\/en\/wp-json\/wp\/v2\/media?parent=1985"}],"wp:term":[{"taxonomy":"product_brand","embeddable":true,"href":"https:\/\/bcmaisondart.com\/en\/wp-json\/wp\/v2\/product_brand?post=1985"},{"taxonomy":"product_cat","embeddable":true,"href":"https:\/\/bcmaisondart.com\/en\/wp-json\/wp\/v2\/product_cat?post=1985"},{"taxonomy":"product_tag","embeddable":true,"href":"https:\/\/bcmaisondart.com\/en\/wp-json\/wp\/v2\/product_tag?post=1985"},{"taxonomy":"hoa_si","embeddable":true,"href":"https:\/\/bcmaisondart.com\/en\/wp-json\/wp\/v2\/hoa_si?post=1985"}],"curies":[{"name":"wp","href":"https:\/\/api.w.org\/{rel}","templated":true}]}}