{"id":2417,"date":"2026-01-08T15:34:51","date_gmt":"2026-01-08T08:34:51","guid":{"rendered":"https:\/\/bcmaisondart.com\/?post_type=product&#038;p=2417"},"modified":"2026-01-12T11:45:19","modified_gmt":"2026-01-12T04:45:19","slug":"bo-tac-pham-ngay-xua-ngay-xua","status":"publish","type":"product","link":"https:\/\/bcmaisondart.com\/en\/tac-pham\/bo-tac-pham-ngay-xua-ngay-xua\/","title":{"rendered":"B\u1ed9 t\u00e1c ph\u1ea9m: Ng\u00e0y x\u1eeda ng\u00e0y x\u01b0a"},"content":{"rendered":"<p>B\u1ed9 t\u00e1c ph\u1ea9m \u201cNg\u00e0y x\u1eeda ng\u00e0y x\u01b0a\u201d, h\u1ecda s\u0129 Minh Ph\u1ed1 b\u1eaft \u0111\u1ea7u c\u00e2u chuy\u1ec7n t\u1eeb nh\u1eefng chi\u1ebfc m\u00e2m g\u1ed7 c\u0169. \u201cM\u00e2m g\u1ed7 kh\u00f4ng ch\u1ec9 l\u00e0 v\u1eadt d\u1ee5ng c\u1ee7a m\u1ed9t th\u1ebf h\u1ec7, m\u00e0 c\u00f2n l\u00e0 v\u0103n h\u00f3a, l\u00e0 s\u1ef1 \u0111\u1ea7m \u1ea5m sum v\u1ea7y c\u1ee7a gia \u0111\u00ecnh.\u201d<\/p>\n<div class=\"x14z9mp xat24cr x1lziwak x1vvkbs xtlvy1s x126k92a\">\n<div dir=\"auto\">Tr\u00ean b\u1ec1 m\u1eb7t m\u00e2m, Ph\u1ed1 \u2013 L\u00e0ng \u2013 H\u1ea1t g\u1ea1o hi\u1ec7n ra l\u1eb7ng l\u1ebd, ch\u1ed3ng l\u1edbp v\u00e0 h\u00f2a v\u00e0o nhau. Ng\u01b0\u1eddi h\u1ecda s\u0129 kh\u00f4ng che gi\u1ea5u d\u1ea5u v\u1ebft th\u1eddi gian, m\u00e0 gi\u1eef l\u1ea1i t\u1eebng th\u1edb g\u1ed7 m\u00f2n, t\u1eebng v\u1ebft n\u1ee9t, t\u1eebng d\u1ea5u t\u00edch \u0111\u00e3 h\u1eb1n s\u00e2u qua n\u0103m th\u00e1ng \u2013 nh\u01b0 m\u1ed9t c\u00e1ch g\u00ecn gi\u1eef k\u00fd \u1ee9c s\u1ed1ng \u0111\u1ed9ng v\u00e0 ch\u00e2n th\u1eadt nh\u1ea5t. \u1ede \u0111\u00f3, h\u1ed9i h\u1ecda kh\u00f4ng \u00e1p \u0111\u1eb7t, m\u00e0 l\u1eafng nghe v\u00e0 \u0111\u1ed3ng h\u00e0nh c\u00f9ng ch\u1ea5t li\u1ec7u.<\/div>\n<\/div>\n<div class=\"x14z9mp xat24cr x1lziwak x1vvkbs xtlvy1s x126k92a\">\n<div dir=\"auto\">Nh\u1eefng k\u00fd \u1ee9c \u0111\u01b0\u1ee3c ch\u1eaft l\u1ecdc, nh\u1eefng kho\u1ea3nh kh\u1eafc \u0111\u01b0\u1ee3c gi\u1eef l\u1ea1i, v\u1edbi mong mu\u1ed1n \u0111\u00e2u \u0111\u00f3 s\u1ebd c\u00f3 nh\u1eefng ng\u01b0\u1eddi xem \u0111\u1ed3ng \u0111i\u1ec7u, ch\u1eadm l\u1ea1i m\u1ed9t nh\u1ecbp \u0111\u1ec3 c\u1ea3m v\u00e0 \u0111\u1ec3 nh\u1edb. B\u1ed9 t\u00e1c ph\u1ea9m l\u00e0 cu\u1ed9c g\u1eb7p g\u1ee1 nh\u1eb9 nh\u00e0ng gi\u1eefa m\u1ef9 thu\u1eadt \u0111\u01b0\u01a1ng \u0111\u1ea1i v\u00e0 v\u0103n h\u00f3a gia \u0111\u00ecnh truy\u1ec1n th\u1ed1ng \u2013 m\u1ed9c m\u1ea1c, ch\u1eadm r\u00e3i v\u00e0 \u0111\u1ea7y tr\u00e2n tr\u1ecdng\u2026<\/div>\n<\/div>","protected":false},"excerpt":{"rendered":"<p>B\u1ed9 t\u00e1c ph\u1ea9m \u201cNg\u00e0y x\u1eeda ng\u00e0y x\u01b0a\u201d, h\u1ecda s\u0129 Minh Ph\u1ed1 b\u1eaft \u0111\u1ea7u c\u00e2u chuy\u1ec7n t\u1eeb nh\u1eefng chi\u1ebfc m\u00e2m g\u1ed7 c\u0169. \u201cM\u00e2m g\u1ed7 kh\u00f4ng ch\u1ec9 l\u00e0 v\u1eadt d\u1ee5ng c\u1ee7a m\u1ed9t th\u1ebf h\u1ec7, m\u00e0 c\u00f2n l\u00e0 v\u0103n h\u00f3a, l\u00e0 s\u1ef1 \u0111\u1ea7m \u1ea5m sum v\u1ea7y c\u1ee7a gia \u0111\u00ecnh.\u201d Tr\u00ean b\u1ec1 m\u1eb7t m\u00e2m, Ph\u1ed1 \u2013 L\u00e0ng \u2013 H\u1ea1t [&hellip;]<\/p>","protected":false},"featured_media":2418,"comment_status":"open","ping_status":"closed","template":"","meta":{"_acf_changed":false},"product_brand":[],"product_cat":[35],"product_tag":[],"hoa_si":[82],"class_list":{"0":"post-2417","1":"product","2":"type-product","3":"status-publish","4":"has-post-thumbnail","6":"product_cat-tranh-son-dau","7":"hoa_si-nguyen-minh-minh-pho","9":"first","10":"instock","11":"shipping-taxable","12":"product-type-simple"},"acf":[],"_links":{"self":[{"href":"https:\/\/bcmaisondart.com\/en\/wp-json\/wp\/v2\/product\/2417","targetHints":{"allow":["GET"]}}],"collection":[{"href":"https:\/\/bcmaisondart.com\/en\/wp-json\/wp\/v2\/product"}],"about":[{"href":"https:\/\/bcmaisondart.com\/en\/wp-json\/wp\/v2\/types\/product"}],"replies":[{"embeddable":true,"href":"https:\/\/bcmaisondart.com\/en\/wp-json\/wp\/v2\/comments?post=2417"}],"wp:featuredmedia":[{"embeddable":true,"href":"https:\/\/bcmaisondart.com\/en\/wp-json\/wp\/v2\/media\/2418"}],"wp:attachment":[{"href":"https:\/\/bcmaisondart.com\/en\/wp-json\/wp\/v2\/media?parent=2417"}],"wp:term":[{"taxonomy":"product_brand","embeddable":true,"href":"https:\/\/bcmaisondart.com\/en\/wp-json\/wp\/v2\/product_brand?post=2417"},{"taxonomy":"product_cat","embeddable":true,"href":"https:\/\/bcmaisondart.com\/en\/wp-json\/wp\/v2\/product_cat?post=2417"},{"taxonomy":"product_tag","embeddable":true,"href":"https:\/\/bcmaisondart.com\/en\/wp-json\/wp\/v2\/product_tag?post=2417"},{"taxonomy":"hoa_si","embeddable":true,"href":"https:\/\/bcmaisondart.com\/en\/wp-json\/wp\/v2\/hoa_si?post=2417"}],"curies":[{"name":"wp","href":"https:\/\/api.w.org\/{rel}","templated":true}]}}