{"id":2749,"date":"2026-01-12T11:25:53","date_gmt":"2026-01-12T04:25:53","guid":{"rendered":"https:\/\/bcmaisondart.com\/?post_type=product&#038;p=2749"},"modified":"2026-01-12T14:20:09","modified_gmt":"2026-01-12T07:20:09","slug":"ong-do","status":"publish","type":"product","link":"https:\/\/bcmaisondart.com\/en\/tac-pham\/ong-do\/","title":{"rendered":"\u00d4ng \u0110\u1ed3"},"content":{"rendered":"<p>\u201cNh\u1ea5t ch\u1eef, nh\u00ec tranh, tam s\u00e0nh, t\u1ee9 m\u1ed9c\u201d l\u00e0 th\u00fa ch\u01a1i tao nh\u00e3 trong v\u0103n h\u00f3a truy\u1ec1n th\u1ed1ng c\u1ee7a ng\u01b0\u1eddi Vi\u1ec7t v\u00e0o nh\u1eefng ng\u00e0y \u0111\u1ea7u Xu\u00e2n n\u0103m m\u1edbi. T\u1ea5t c\u1ea3 ch\u1ee9a \u0111\u1ef1ng \u01b0\u1edbc v\u1ecdng v\u1ec1 m\u1ed9t n\u0103m m\u1edbi thu\u1eadn h\u00f2a, may m\u1eafn v\u00e0 b\u00ecnh an \u0111\u1ebfn v\u1edbi m\u1ed7i ng\u01b0\u1eddi v\u00e0 m\u1ed7i gia \u0111\u00ecnh. Vi\u1ec7c l\u00e0m n\u00e0y mang nhi\u1ec1u \u00fd ngh\u0129a v\u0103n h\u00f3a, b\u1eaft ngu\u1ed3n t\u1eeb s\u1ef1 hi\u1ebfu h\u1ecdc, tr\u1ecdng ch\u1eef ngh\u0129a, tr\u1ecdng tri th\u1ee9c c\u1ee7a ng\u01b0\u1eddi Vi\u1ec7t.<\/p>","protected":false},"excerpt":{"rendered":"<p>\u201cNh\u1ea5t ch\u1eef, nh\u00ec tranh, tam s\u00e0nh, t\u1ee9 m\u1ed9c\u201d l\u00e0 th\u00fa ch\u01a1i tao nh\u00e3 trong v\u0103n h\u00f3a truy\u1ec1n th\u1ed1ng c\u1ee7a ng\u01b0\u1eddi Vi\u1ec7t v\u00e0o nh\u1eefng ng\u00e0y \u0111\u1ea7u Xu\u00e2n n\u0103m m\u1edbi. T\u1ea5t c\u1ea3 ch\u1ee9a \u0111\u1ef1ng \u01b0\u1edbc v\u1ecdng v\u1ec1 m\u1ed9t n\u0103m m\u1edbi thu\u1eadn h\u00f2a, may m\u1eafn v\u00e0 b\u00ecnh an \u0111\u1ebfn v\u1edbi m\u1ed7i ng\u01b0\u1eddi v\u00e0 m\u1ed7i gia \u0111\u00ecnh. Vi\u1ec7c l\u00e0m [&hellip;]<\/p>","protected":false},"featured_media":2766,"comment_status":"open","ping_status":"closed","template":"","meta":{"_acf_changed":false},"product_brand":[],"product_cat":[35],"product_tag":[],"hoa_si":[90],"class_list":{"0":"post-2749","1":"product","2":"type-product","3":"status-publish","4":"has-post-thumbnail","6":"product_cat-tranh-son-dau","7":"hoa_si-le-tri-dung","9":"first","10":"instock","11":"shipping-taxable","12":"product-type-simple"},"acf":[],"_links":{"self":[{"href":"https:\/\/bcmaisondart.com\/en\/wp-json\/wp\/v2\/product\/2749","targetHints":{"allow":["GET"]}}],"collection":[{"href":"https:\/\/bcmaisondart.com\/en\/wp-json\/wp\/v2\/product"}],"about":[{"href":"https:\/\/bcmaisondart.com\/en\/wp-json\/wp\/v2\/types\/product"}],"replies":[{"embeddable":true,"href":"https:\/\/bcmaisondart.com\/en\/wp-json\/wp\/v2\/comments?post=2749"}],"wp:featuredmedia":[{"embeddable":true,"href":"https:\/\/bcmaisondart.com\/en\/wp-json\/wp\/v2\/media\/2766"}],"wp:attachment":[{"href":"https:\/\/bcmaisondart.com\/en\/wp-json\/wp\/v2\/media?parent=2749"}],"wp:term":[{"taxonomy":"product_brand","embeddable":true,"href":"https:\/\/bcmaisondart.com\/en\/wp-json\/wp\/v2\/product_brand?post=2749"},{"taxonomy":"product_cat","embeddable":true,"href":"https:\/\/bcmaisondart.com\/en\/wp-json\/wp\/v2\/product_cat?post=2749"},{"taxonomy":"product_tag","embeddable":true,"href":"https:\/\/bcmaisondart.com\/en\/wp-json\/wp\/v2\/product_tag?post=2749"},{"taxonomy":"hoa_si","embeddable":true,"href":"https:\/\/bcmaisondart.com\/en\/wp-json\/wp\/v2\/hoa_si?post=2749"}],"curies":[{"name":"wp","href":"https:\/\/api.w.org\/{rel}","templated":true}]}}