{"id":2778,"date":"2026-01-12T15:18:25","date_gmt":"2026-01-12T08:18:25","guid":{"rendered":"https:\/\/bcmaisondart.com\/?post_type=product&#038;p=2778"},"modified":"2026-01-12T15:18:26","modified_gmt":"2026-01-12T08:18:26","slug":"chieu-vuong","status":"publish","type":"product","link":"https:\/\/bcmaisondart.com\/en\/tac-pham\/chieu-vuong\/","title":{"rendered":"Chi\u1ec1u v\u01b0\u01a1ng"},"content":{"rendered":"<p><span style=\"font-weight: 400;\">Th\u1ee9 \u00e1nh s\u00e1ng k\u1ef3 di\u1ec7u v\u00e0 \u0111\u1eb9p \u0111\u1ebd nh\u1ea5t c\u00f5i nh\u00e2n gian n\u00e0y l\u00e0 \u00e1nh n\u1eafng. Trong \u0111\u00f3, n\u1eafng chi\u1ec1u, c\u00e1i kho\u1ea3nh kh\u1eafc n\u1eafng mu\u1ed1n b\u00f9ng l\u00ean tr\u01b0\u1edbc khi t\u00e0n l\u1ee5i l\u1ea1i lu\u00f4n khi\u1ebfn ng\u01b0\u1eddi ta v\u01b0\u01a1ng v\u1ea5n nh\u1ea5t. B\u1ee9c tranh CHI\u1ec0U V\u01af\u01a0NG c\u1ee7a ho\u1ea1 s\u0129 Anh Nguy\u00ean \u0111\u00e3 di\u1ec5n t\u1ea3 tr\u1ecdn v\u1eb9n s\u1ef1 v\u1ea5n v\u01b0\u01a1ng \u1ea5y. Kh\u00f4ng hi\u1ec3u b\u1eb1ng c\u00e1ch n\u00e0o, ng\u01b0\u1eddi ho\u1ea1 s\u0129 ch\u1ec9 d\u00f9ng v\u00e0i m\u1ea3ng m\u00e0u \u0111\u01a1n gi\u1ea3n \u0111\u00e3 c\u00f3 th\u1ec3 mi\u00eau t\u1ea3 tinh t\u1ebf \u0111\u1ebfn ho\u00e0n m\u1ef9 c\u00e1i n\u1eafng y\u1ebfu m\u1ec1m v\u01b0\u01a1ng tr\u00ean n\u1ec1n \u0111\u1ea5t, c\u00e1i n\u1eafng m\u01a1n man t\u00f4 \u0111i\u1ec3m cho v\u1ebb \u0111\u1eb9p c\u1ee7a b\u00ecnh l\u00e1 tr\u1ea7u b\u00e0, v\u1eeba nh\u01b0 m\u1ed9t s\u1ebb chia b\u00ecnh y\u00ean, v\u1eeba nh\u01b0 s\u1ef1 kh\u1eb3ng \u0111\u1ecbnh m\u1ed9t c\u00e1i \u0111\u00edch \u0111\u1ebfn c\u1ee7a cu\u1ed9c \u0111\u1eddi. Chi\u1ec1u c\u00f2n v\u01b0\u01a1ng n\u1eafng \u0111\u1ec3 gi\u00f3 \u0111i t\u00ecm\u2026 Ch\u00fang ta, ai c\u0169ng m\u1ea3i m\u00ea t\u00ecm ki\u1ebfm m\u1ed9t c\u00e1i g\u00ec \u0111\u00f3 \u1edf cu\u1ed9c \u0111\u1eddi n\u00e0y, m\u00e0 \u0111\u00e2u bi\u1ebft r\u1eb1ng, c\u00f3 khi nh\u1eefng th\u1ee9 qu\u00fd gi\u00e1 nh\u1ea5t l\u1ea1i b\u00ecnh y\u00ean ngay b\u00ean c\u1ea1nh ch\u00fang ta t\u1eeb l\u00fac n\u00e0o. Nh\u01b0 chi\u1ec1u \u0111ang bu\u00f4ng, v\u00e0 nh\u1eefng \u0111\u1ee9a tr\u1ebb, m\u1ed9t m\u00e2m c\u01a1m \u0111o\u00e0n vi\u00ean ch\u1edd \u0111\u00f3n\u2026 <\/span><\/p>","protected":false},"excerpt":{"rendered":"<p>Th\u1ee9 \u00e1nh s\u00e1ng k\u1ef3 di\u1ec7u v\u00e0 \u0111\u1eb9p \u0111\u1ebd nh\u1ea5t c\u00f5i nh\u00e2n gian n\u00e0y l\u00e0 \u00e1nh n\u1eafng. Trong \u0111\u00f3, n\u1eafng chi\u1ec1u, c\u00e1i kho\u1ea3nh kh\u1eafc n\u1eafng mu\u1ed1n b\u00f9ng l\u00ean tr\u01b0\u1edbc khi t\u00e0n l\u1ee5i l\u1ea1i lu\u00f4n khi\u1ebfn ng\u01b0\u1eddi ta v\u01b0\u01a1ng v\u1ea5n nh\u1ea5t. B\u1ee9c tranh CHI\u1ec0U V\u01af\u01a0NG c\u1ee7a ho\u1ea1 s\u0129 Anh Nguy\u00ean \u0111\u00e3 di\u1ec5n t\u1ea3 tr\u1ecdn v\u1eb9n s\u1ef1 v\u1ea5n [&hellip;]<\/p>","protected":false},"featured_media":2779,"comment_status":"open","ping_status":"closed","template":"","meta":{"_acf_changed":false},"product_brand":[],"product_cat":[38],"product_tag":[],"hoa_si":[51],"class_list":{"0":"post-2778","1":"product","2":"type-product","3":"status-publish","4":"has-post-thumbnail","6":"product_cat-pastel-chi-but-bi","7":"hoa_si-nguyen-pastel","9":"first","10":"instock","11":"shipping-taxable","12":"product-type-simple"},"acf":[],"_links":{"self":[{"href":"https:\/\/bcmaisondart.com\/en\/wp-json\/wp\/v2\/product\/2778","targetHints":{"allow":["GET"]}}],"collection":[{"href":"https:\/\/bcmaisondart.com\/en\/wp-json\/wp\/v2\/product"}],"about":[{"href":"https:\/\/bcmaisondart.com\/en\/wp-json\/wp\/v2\/types\/product"}],"replies":[{"embeddable":true,"href":"https:\/\/bcmaisondart.com\/en\/wp-json\/wp\/v2\/comments?post=2778"}],"wp:featuredmedia":[{"embeddable":true,"href":"https:\/\/bcmaisondart.com\/en\/wp-json\/wp\/v2\/media\/2779"}],"wp:attachment":[{"href":"https:\/\/bcmaisondart.com\/en\/wp-json\/wp\/v2\/media?parent=2778"}],"wp:term":[{"taxonomy":"product_brand","embeddable":true,"href":"https:\/\/bcmaisondart.com\/en\/wp-json\/wp\/v2\/product_brand?post=2778"},{"taxonomy":"product_cat","embeddable":true,"href":"https:\/\/bcmaisondart.com\/en\/wp-json\/wp\/v2\/product_cat?post=2778"},{"taxonomy":"product_tag","embeddable":true,"href":"https:\/\/bcmaisondart.com\/en\/wp-json\/wp\/v2\/product_tag?post=2778"},{"taxonomy":"hoa_si","embeddable":true,"href":"https:\/\/bcmaisondart.com\/en\/wp-json\/wp\/v2\/hoa_si?post=2778"}],"curies":[{"name":"wp","href":"https:\/\/api.w.org\/{rel}","templated":true}]}}