{"id":2782,"date":"2026-01-12T15:30:15","date_gmt":"2026-01-12T08:30:15","guid":{"rendered":"https:\/\/bcmaisondart.com\/?post_type=product&#038;p=2782"},"modified":"2026-01-12T15:30:15","modified_gmt":"2026-01-12T08:30:15","slug":"gio-cao-diem-2","status":"publish","type":"product","link":"https:\/\/bcmaisondart.com\/en\/tac-pham\/gio-cao-diem-2\/","title":{"rendered":"Gi\u1edd cao \u0111i\u1ec3m"},"content":{"rendered":"<p>Ngay c\u1ea3 trong nh\u1eefng ng\u00e0y m\u01b0a b\u00e3o, gi\u1edd cao \u0111i\u1ec3m c\u1ee7a th\u00e0nh ph\u1ed1 v\u1eabn c\u1ea5t l\u00ean nh\u1ecbp \u0111i\u1ec7u ri\u00eang: ti\u1ebfng c\u00f2i xe, d\u00f2ng ng\u01b0\u1eddi t\u1ea5p n\u1eadp, s\u1eafc \u00e1o m\u01b0a r\u1ef1c r\u1ee1, \u00e1nh \u0111\u00e8n ph\u1ea3n chi\u1ebfu tr\u00ean m\u1eb7t \u0111\u01b0\u1eddng loang n\u01b0\u1edbc\u2026 Nh\u1ecbp \u0111i\u1ec7u \u1ea5y \u0111\u01b0\u1ee3c h\u1ecda s\u1ef9 Qu\u00e1ch \u0110\u00f4ng Ph\u01b0\u01a1ng kh\u1eafc h\u1ecda tr\u00ean toan, \u0111\u1ec3 chuy\u1ec3n h\u00f3a th\u00e0nh m\u1ed9t b\u1ea3n h\u00f2a t\u1ea5u r\u1ef1c r\u1ee1. Nh\u1eefng m\u1ea3ng m\u00e0u \u0111an xen, va ch\u1ea1m v\u00e0 ng\u00e2n vang nh\u01b0 th\u1eafp s\u00e1ng m\u1ed9t g\u00f3c nh\u00ecn kh\u00e1c \u2013 n\u01a1i s\u1ef1 h\u1ed1i h\u1ea3 bi\u1ebfn th\u00e0nh nh\u1ea1c \u0111i\u1ec7u, n\u01a1i s\u1ef1 ch\u1edd \u0111\u1ee3i l\u1eb7ng im l\u1ea1i h\u00f3a th\u00e0nh m\u1ed9t kho\u1ea3ng l\u1eafng gi\u00e0u x\u00fac c\u1ea3m.<br class=\"html-br\" \/>Qua b\u00fat ph\u00e1p tr\u1eebu t\u01b0\u1ee3ng gi\u00e0u nh\u1ea1c t\u00ednh, h\u1ecda s\u0129 Qu\u00e1ch \u0110\u00f4ng Ph\u01b0\u01a1ng kh\u00f4ng ch\u1ec9 g\u1ee3i m\u1edf c\u1ea3m gi\u00e1c v\u1ec1 s\u1ef1 chuy\u1ec3n \u0111\u1ed9ng c\u1ee7a \u0111\u1eddi s\u1ed1ng, m\u00e0 c\u00f2n trao cho ng\u01b0\u1eddi xem c\u01a1 h\u1ed9i t\u00ecm th\u1ea5y ni\u1ec1m tin v\u00e0 s\u1ef1 \u1ea5m \u00e1p ngay trong nh\u1eefng nh\u1ecbp \u0111i\u1ec7u t\u1ea5t b\u1eadt th\u01b0\u1eddng ng\u00e0y.<\/p>","protected":false},"excerpt":{"rendered":"<p>Ngay c\u1ea3 trong nh\u1eefng ng\u00e0y m\u01b0a b\u00e3o, gi\u1edd cao \u0111i\u1ec3m c\u1ee7a th\u00e0nh ph\u1ed1 v\u1eabn c\u1ea5t l\u00ean nh\u1ecbp \u0111i\u1ec7u ri\u00eang: ti\u1ebfng c\u00f2i xe, d\u00f2ng ng\u01b0\u1eddi t\u1ea5p n\u1eadp, s\u1eafc \u00e1o m\u01b0a r\u1ef1c r\u1ee1, \u00e1nh \u0111\u00e8n ph\u1ea3n chi\u1ebfu tr\u00ean m\u1eb7t \u0111\u01b0\u1eddng loang n\u01b0\u1edbc\u2026 Nh\u1ecbp \u0111i\u1ec7u \u1ea5y \u0111\u01b0\u1ee3c h\u1ecda s\u1ef9 Qu\u00e1ch \u0110\u00f4ng Ph\u01b0\u01a1ng kh\u1eafc h\u1ecda tr\u00ean toan, \u0111\u1ec3 chuy\u1ec3n [&hellip;]<\/p>","protected":false},"featured_media":2783,"comment_status":"open","ping_status":"closed","template":"","meta":{"_acf_changed":false},"product_brand":[],"product_cat":[35],"product_tag":[],"hoa_si":[31],"class_list":{"0":"post-2782","1":"product","2":"type-product","3":"status-publish","4":"has-post-thumbnail","6":"product_cat-tranh-son-dau","7":"hoa_si-quach-dong-phuong","9":"first","10":"instock","11":"shipping-taxable","12":"product-type-simple"},"acf":[],"_links":{"self":[{"href":"https:\/\/bcmaisondart.com\/en\/wp-json\/wp\/v2\/product\/2782","targetHints":{"allow":["GET"]}}],"collection":[{"href":"https:\/\/bcmaisondart.com\/en\/wp-json\/wp\/v2\/product"}],"about":[{"href":"https:\/\/bcmaisondart.com\/en\/wp-json\/wp\/v2\/types\/product"}],"replies":[{"embeddable":true,"href":"https:\/\/bcmaisondart.com\/en\/wp-json\/wp\/v2\/comments?post=2782"}],"wp:featuredmedia":[{"embeddable":true,"href":"https:\/\/bcmaisondart.com\/en\/wp-json\/wp\/v2\/media\/2783"}],"wp:attachment":[{"href":"https:\/\/bcmaisondart.com\/en\/wp-json\/wp\/v2\/media?parent=2782"}],"wp:term":[{"taxonomy":"product_brand","embeddable":true,"href":"https:\/\/bcmaisondart.com\/en\/wp-json\/wp\/v2\/product_brand?post=2782"},{"taxonomy":"product_cat","embeddable":true,"href":"https:\/\/bcmaisondart.com\/en\/wp-json\/wp\/v2\/product_cat?post=2782"},{"taxonomy":"product_tag","embeddable":true,"href":"https:\/\/bcmaisondart.com\/en\/wp-json\/wp\/v2\/product_tag?post=2782"},{"taxonomy":"hoa_si","embeddable":true,"href":"https:\/\/bcmaisondart.com\/en\/wp-json\/wp\/v2\/hoa_si?post=2782"}],"curies":[{"name":"wp","href":"https:\/\/api.w.org\/{rel}","templated":true}]}}