{"id":2817,"date":"2026-01-13T14:25:05","date_gmt":"2026-01-13T07:25:05","guid":{"rendered":"https:\/\/bcmaisondart.com\/?post_type=product&#038;p=2817"},"modified":"2026-01-13T14:35:00","modified_gmt":"2026-01-13T07:35:00","slug":"tu-duy","status":"publish","type":"product","link":"https:\/\/bcmaisondart.com\/en\/tac-pham\/tu-duy\/","title":{"rendered":"T\u01b0 duy"},"content":{"rendered":"<p>H\u1ecda s\u0129 L\u00ea Thi\u1ebft C\u01b0\u01a1ng nh\u1ea5n m\u1ea1nh: \u201cTh\u1ef1c ra l\u00e0 t\u00f4i g\u1eb7p t\u1ed1i gi\u1ea3n, ch\u1ee9 kh\u00f4ng th\u1ec3 quy\u1ebft t\u00e2m l\u00e0 ng\u00e0y mai t\u00f4i \u0111i t\u00ecm ch\u1ee7 ngh\u0129a t\u1ed1i gi\u1ea3n. G\u1eb7p ch\u1ee7 ngh\u0129a t\u1ed1i gi\u1ea3n c\u0169ng l\u00e0 t\u00f4i g\u1eb7p t\u00f4i&#8221;.<br class=\"html-br\" \/>V\u1edbi nhi\u1ec1u ng\u01b0\u1eddi, h\u1ecda s\u0129 L\u00ea Thi\u1ebft C\u01b0\u01a1ng h\u01a1i c\u1ef1c \u0111oan, nh\u01b0ng \u00f4ng l\u1ea1i ngh\u0129: \u201cKh\u00f3 trong ngh\u1ec7 thu\u1eadt kh\u00f4ng ph\u1ea3i l\u00e0 nh\u01b0\u1ee3c \u0111i\u1ec3m. T\u00f4i kh\u00f4ng ch\u1ec9 kh\u00f3 v\u1edbi ng\u01b0\u1eddi kh\u00e1c, m\u00e0 kh\u00f3 c\u1ea3 v\u1edbi ch\u00ednh m\u00ecnh. Ph\u1ea3i \u0111\u00f2i h\u1ecfi cao v\u1edbi ch\u00ednh m\u00ecnh m\u1edbi l\u00e0m ngh\u1ec7 thu\u1eadt \u0111\u01b0\u1ee3c\u201d.<br class=\"html-br\" \/>\u201cT\u1ed1i gi\u1ea3n\u201d \u0111\u1ec3 \u201ct\u1eadn h\u01b0\u1edfng\u201d nhi\u1ec1u h\u01a1n\u2026 H\u1ecda s\u0129 L\u00ea Thi\u1ebft C\u01b0\u01a1ng chia s\u1ebb: \u201cT\u1ed1i gi\u1ea3n l\u00e0 t\u00f4i, t\u00f4i l\u00e0 t\u1ed1i gi\u1ea3n\u201d. H\u00e3y c\u00f9ng \u201ct\u1eadn h\u01b0\u1edfng\u201d kho\u1ea3ng l\u1eb7ng \u0111\u1ec3 c\u00f9ng ch\u00ecm \u0111\u1eafm trong \u201ct\u01b0 duy\u201d t\u1ed1i gi\u1ea3n c\u1ee7a h\u1ecda s\u0129 L\u00ea Thi\u1ebft C\u01b0\u01a1ng.<\/p>","protected":false},"excerpt":{"rendered":"<p>H\u1ecda s\u0129 L\u00ea Thi\u1ebft C\u01b0\u01a1ng nh\u1ea5n m\u1ea1nh: \u201cTh\u1ef1c ra l\u00e0 t\u00f4i g\u1eb7p t\u1ed1i gi\u1ea3n, ch\u1ee9 kh\u00f4ng th\u1ec3 quy\u1ebft t\u00e2m l\u00e0 ng\u00e0y mai t\u00f4i \u0111i t\u00ecm ch\u1ee7 ngh\u0129a t\u1ed1i gi\u1ea3n. G\u1eb7p ch\u1ee7 ngh\u0129a t\u1ed1i gi\u1ea3n c\u0169ng l\u00e0 t\u00f4i g\u1eb7p t\u00f4i&#8221;.V\u1edbi nhi\u1ec1u ng\u01b0\u1eddi, h\u1ecda s\u0129 L\u00ea Thi\u1ebft C\u01b0\u01a1ng h\u01a1i c\u1ef1c \u0111oan, nh\u01b0ng \u00f4ng l\u1ea1i ngh\u0129: \u201cKh\u00f3 trong [&hellip;]<\/p>","protected":false},"featured_media":2818,"comment_status":"open","ping_status":"closed","template":"","meta":{"_acf_changed":false},"product_brand":[],"product_cat":[35],"product_tag":[],"hoa_si":[54],"class_list":{"0":"post-2817","1":"product","2":"type-product","3":"status-publish","4":"has-post-thumbnail","6":"product_cat-tranh-son-dau","7":"hoa_si-le-thiet-cuong","9":"first","10":"instock","11":"shipping-taxable","12":"product-type-simple"},"acf":[],"_links":{"self":[{"href":"https:\/\/bcmaisondart.com\/en\/wp-json\/wp\/v2\/product\/2817","targetHints":{"allow":["GET"]}}],"collection":[{"href":"https:\/\/bcmaisondart.com\/en\/wp-json\/wp\/v2\/product"}],"about":[{"href":"https:\/\/bcmaisondart.com\/en\/wp-json\/wp\/v2\/types\/product"}],"replies":[{"embeddable":true,"href":"https:\/\/bcmaisondart.com\/en\/wp-json\/wp\/v2\/comments?post=2817"}],"wp:featuredmedia":[{"embeddable":true,"href":"https:\/\/bcmaisondart.com\/en\/wp-json\/wp\/v2\/media\/2818"}],"wp:attachment":[{"href":"https:\/\/bcmaisondart.com\/en\/wp-json\/wp\/v2\/media?parent=2817"}],"wp:term":[{"taxonomy":"product_brand","embeddable":true,"href":"https:\/\/bcmaisondart.com\/en\/wp-json\/wp\/v2\/product_brand?post=2817"},{"taxonomy":"product_cat","embeddable":true,"href":"https:\/\/bcmaisondart.com\/en\/wp-json\/wp\/v2\/product_cat?post=2817"},{"taxonomy":"product_tag","embeddable":true,"href":"https:\/\/bcmaisondart.com\/en\/wp-json\/wp\/v2\/product_tag?post=2817"},{"taxonomy":"hoa_si","embeddable":true,"href":"https:\/\/bcmaisondart.com\/en\/wp-json\/wp\/v2\/hoa_si?post=2817"}],"curies":[{"name":"wp","href":"https:\/\/api.w.org\/{rel}","templated":true}]}}