{"id":2820,"date":"2026-01-13T14:33:56","date_gmt":"2026-01-13T07:33:56","guid":{"rendered":"https:\/\/bcmaisondart.com\/?post_type=product&#038;p=2820"},"modified":"2026-01-13T14:33:56","modified_gmt":"2026-01-13T07:33:56","slug":"pho-hang-thung","status":"publish","type":"product","link":"https:\/\/bcmaisondart.com\/en\/tac-pham\/pho-hang-thung\/","title":{"rendered":"Ph\u1ed1 h\u00e0ng Th\u00f9ng"},"content":{"rendered":"<p>Ng\u1eafm tranh c\u1ee7a h\u1ecda s\u0129 L\u00ea Thi\u1ebft C\u01b0\u01a1ng, ng\u01b0\u1eddi xem c\u00f3 th\u1ec3 nh\u1eadn th\u1ea5y n\u00e9t v\u1ebd c\u00f3 t\u00ednh \u0111\u1ed3 h\u1ecda, m\u1ecdi h\u00ecnh \u1ea3nh \u0111\u01b0\u1ee3c ch\u1eaft l\u1ecdc t\u1edbi m\u1ee9c h\u00ecnh b\u00f3ng v\u00e0 \u00fd ni\u1ec7m.<br class=\"html-br\" \/>Phong c\u00e1ch t\u1ed1i gi\u1ea3n l\u00e0 m\u1ed9t n\u00e9t \u0111\u1ed9c \u0111\u00e1o c\u1ee7a h\u1ecda s\u0129 L\u00ea Thi\u1ebft C\u01b0\u01a1ng. Theo ti\u1ebft l\u1ed9 c\u1ee7a h\u1ecda s\u0129 L\u00ea Thi\u1ebft C\u01b0\u01a1ng, sau khi xu\u1ea5t ng\u0169 v\u00e0o n\u0103m 1984 th\u00ec \u00f4ng hay sang ch\u01a1i v\u1edbi ng\u01b0\u1eddi h\u00e0ng x\u00f3m l\u00e0 nh\u00e0 th\u01a1 \u0110\u1eb7ng \u0110\u00ecnh H\u01b0ng (cha c\u1ee7a Ngh\u1ec7 s\u0129 Nh\u00e2n d\u00e2n \u0110\u1eb7ng Th\u00e1i S\u01a1n) v\u00e0 \u0111\u01b0\u1ee3c \u201ckhai nh\u00e3n\u201d. H\u1ecda s\u0129 L\u00ea Thi\u1ebft C\u01b0\u01a1ng kh\u1eb3ng \u0111\u1ecbnh: \u201cC\u1ee5 \u0110\u1eb7ng \u0110\u00ecnh H\u01b0ng l\u00e0 ng\u01b0\u1eddi ph\u00e1t hi\u1ec7n ra h\u1ea1t t\u1ed1i gi\u1ea3n trong t\u00f4i, t\u1eb7ng t\u00f4i con \u0111\u01b0\u1eddng t\u1ed1i gi\u1ea3n \u0111\u1ec3 t\u00f4i \u0111i v\u1ec1 b\u1ebfn c\u1ee7a m\u00ecnh\u201d<\/p>","protected":false},"excerpt":{"rendered":"<p>Ng\u1eafm tranh c\u1ee7a h\u1ecda s\u0129 L\u00ea Thi\u1ebft C\u01b0\u01a1ng, ng\u01b0\u1eddi xem c\u00f3 th\u1ec3 nh\u1eadn th\u1ea5y n\u00e9t v\u1ebd c\u00f3 t\u00ednh \u0111\u1ed3 h\u1ecda, m\u1ecdi h\u00ecnh \u1ea3nh \u0111\u01b0\u1ee3c ch\u1eaft l\u1ecdc t\u1edbi m\u1ee9c h\u00ecnh b\u00f3ng v\u00e0 \u00fd ni\u1ec7m.Phong c\u00e1ch t\u1ed1i gi\u1ea3n l\u00e0 m\u1ed9t n\u00e9t \u0111\u1ed9c \u0111\u00e1o c\u1ee7a h\u1ecda s\u0129 L\u00ea Thi\u1ebft C\u01b0\u01a1ng. Theo ti\u1ebft l\u1ed9 c\u1ee7a h\u1ecda s\u0129 L\u00ea Thi\u1ebft [&hellip;]<\/p>","protected":false},"featured_media":2821,"comment_status":"open","ping_status":"closed","template":"","meta":{"_acf_changed":false},"product_brand":[],"product_cat":[35],"product_tag":[],"hoa_si":[54],"class_list":{"0":"post-2820","1":"product","2":"type-product","3":"status-publish","4":"has-post-thumbnail","6":"product_cat-tranh-son-dau","7":"hoa_si-le-thiet-cuong","9":"first","10":"instock","11":"shipping-taxable","12":"product-type-simple"},"acf":[],"_links":{"self":[{"href":"https:\/\/bcmaisondart.com\/en\/wp-json\/wp\/v2\/product\/2820","targetHints":{"allow":["GET"]}}],"collection":[{"href":"https:\/\/bcmaisondart.com\/en\/wp-json\/wp\/v2\/product"}],"about":[{"href":"https:\/\/bcmaisondart.com\/en\/wp-json\/wp\/v2\/types\/product"}],"replies":[{"embeddable":true,"href":"https:\/\/bcmaisondart.com\/en\/wp-json\/wp\/v2\/comments?post=2820"}],"wp:featuredmedia":[{"embeddable":true,"href":"https:\/\/bcmaisondart.com\/en\/wp-json\/wp\/v2\/media\/2821"}],"wp:attachment":[{"href":"https:\/\/bcmaisondart.com\/en\/wp-json\/wp\/v2\/media?parent=2820"}],"wp:term":[{"taxonomy":"product_brand","embeddable":true,"href":"https:\/\/bcmaisondart.com\/en\/wp-json\/wp\/v2\/product_brand?post=2820"},{"taxonomy":"product_cat","embeddable":true,"href":"https:\/\/bcmaisondart.com\/en\/wp-json\/wp\/v2\/product_cat?post=2820"},{"taxonomy":"product_tag","embeddable":true,"href":"https:\/\/bcmaisondart.com\/en\/wp-json\/wp\/v2\/product_tag?post=2820"},{"taxonomy":"hoa_si","embeddable":true,"href":"https:\/\/bcmaisondart.com\/en\/wp-json\/wp\/v2\/hoa_si?post=2820"}],"curies":[{"name":"wp","href":"https:\/\/api.w.org\/{rel}","templated":true}]}}