{"id":2827,"date":"2026-01-13T14:44:17","date_gmt":"2026-01-13T07:44:17","guid":{"rendered":"https:\/\/bcmaisondart.com\/?post_type=product&#038;p=2827"},"modified":"2026-01-13T14:54:48","modified_gmt":"2026-01-13T07:54:48","slug":"thu-gian","status":"publish","type":"product","link":"https:\/\/bcmaisondart.com\/en\/tac-pham\/thu-gian\/","title":{"rendered":"Th\u01b0 gi\u00e3n"},"content":{"rendered":"<p>M\u1ed9t t\u00e1c ph\u1ea9m \u0111\u1eb9p kh\u00f4ng ch\u1ec9 \u0111\u1ec3 chi\u00eam ng\u01b0\u1ee1ng, m\u00e0 c\u00f2n c\u00f3 th\u1ec3 ch\u1eefa l\u00e0nh\u2026 C\u00f9ng B&amp;C Maison d&#8217;Art th\u01b0\u1edfng th\u1ee9c t\u00e1c ph\u1ea9m \u201cTh\u01b0 gi\u00e3n\u201d cho t\u00e2m h\u1ed3n nh\u1eefng ph\u00fat b\u00ecnh y\u00ean trong nh\u1eefng ng\u00e0y nhi\u1ec1u m\u1ec7t m\u1ecfi, c\u0103ng th\u1eb3ng v\u1edbi deadline d\u1ed3n d\u1eadp \u0111\u1ec3 n\u1ea1p th\u00eam n\u0103ng l\u01b0\u1ee3ng t\u00edch c\u1ef1c.<\/p>","protected":false},"excerpt":{"rendered":"<p>M\u1ed9t t\u00e1c ph\u1ea9m \u0111\u1eb9p kh\u00f4ng ch\u1ec9 \u0111\u1ec3 chi\u00eam ng\u01b0\u1ee1ng, m\u00e0 c\u00f2n c\u00f3 th\u1ec3 ch\u1eefa l\u00e0nh\u2026 C\u00f9ng B&amp;C Maison d&#8217;Art th\u01b0\u1edfng th\u1ee9c t\u00e1c ph\u1ea9m \u201cTh\u01b0 gi\u00e3n\u201d cho t\u00e2m h\u1ed3n nh\u1eefng ph\u00fat b\u00ecnh y\u00ean trong nh\u1eefng ng\u00e0y nhi\u1ec1u m\u1ec7t m\u1ecfi, c\u0103ng th\u1eb3ng v\u1edbi deadline d\u1ed3n d\u1eadp \u0111\u1ec3 n\u1ea1p th\u00eam n\u0103ng l\u01b0\u1ee3ng t\u00edch c\u1ef1c.<\/p>","protected":false},"featured_media":2828,"comment_status":"open","ping_status":"closed","template":"","meta":{"_acf_changed":false},"product_brand":[],"product_cat":[35],"product_tag":[],"hoa_si":[56],"class_list":{"0":"post-2827","1":"product","2":"type-product","3":"status-publish","4":"has-post-thumbnail","6":"product_cat-tranh-son-dau","7":"hoa_si-hong-viet-dung","9":"first","10":"instock","11":"shipping-taxable","12":"product-type-simple"},"acf":[],"_links":{"self":[{"href":"https:\/\/bcmaisondart.com\/en\/wp-json\/wp\/v2\/product\/2827","targetHints":{"allow":["GET"]}}],"collection":[{"href":"https:\/\/bcmaisondart.com\/en\/wp-json\/wp\/v2\/product"}],"about":[{"href":"https:\/\/bcmaisondart.com\/en\/wp-json\/wp\/v2\/types\/product"}],"replies":[{"embeddable":true,"href":"https:\/\/bcmaisondart.com\/en\/wp-json\/wp\/v2\/comments?post=2827"}],"wp:featuredmedia":[{"embeddable":true,"href":"https:\/\/bcmaisondart.com\/en\/wp-json\/wp\/v2\/media\/2828"}],"wp:attachment":[{"href":"https:\/\/bcmaisondart.com\/en\/wp-json\/wp\/v2\/media?parent=2827"}],"wp:term":[{"taxonomy":"product_brand","embeddable":true,"href":"https:\/\/bcmaisondart.com\/en\/wp-json\/wp\/v2\/product_brand?post=2827"},{"taxonomy":"product_cat","embeddable":true,"href":"https:\/\/bcmaisondart.com\/en\/wp-json\/wp\/v2\/product_cat?post=2827"},{"taxonomy":"product_tag","embeddable":true,"href":"https:\/\/bcmaisondart.com\/en\/wp-json\/wp\/v2\/product_tag?post=2827"},{"taxonomy":"hoa_si","embeddable":true,"href":"https:\/\/bcmaisondart.com\/en\/wp-json\/wp\/v2\/hoa_si?post=2827"}],"curies":[{"name":"wp","href":"https:\/\/api.w.org\/{rel}","templated":true}]}}