{"id":2830,"date":"2026-01-13T14:46:31","date_gmt":"2026-01-13T07:46:31","guid":{"rendered":"https:\/\/bcmaisondart.com\/?post_type=product&#038;p=2830"},"modified":"2026-01-13T14:53:49","modified_gmt":"2026-01-13T07:53:49","slug":"pho-co-hoi-an","status":"publish","type":"product","link":"https:\/\/bcmaisondart.com\/en\/tac-pham\/pho-co-hoi-an\/","title":{"rendered":"Ph\u1ed1 c\u1ed5 H\u1ed9i An"},"content":{"rendered":"<p>Tranh c\u1ee7a H\u1ed3ng Vi\u1ec7t D\u0169ng ph\u1ea7n l\u1edbn l\u00e0 nh\u1eefng khung c\u1ea3nh thi\u00ean nhi\u00ean b\u1ea3ng l\u1ea3ng, m\u01a1 m\u00e0ng. Nh\u1eefng b\u1ee9c tranh gi\u1ea3n d\u1ecb nh\u01b0ng th\u1ea5m \u0111\u1eabm ch\u1ea5t l\u00e3ng m\u1ea1n ph\u01b0\u01a1ng \u0110\u00f4ng. M\u1ed9t con thuy\u1ec1n l\u1eedng l\u01a1 soi b\u00f3ng tr\u00ean m\u1eb7t n\u01b0\u1edbc h\u1ed3 thu, m\u1ed9t con \u0111\u01b0\u1eddng nh\u1ecf v\u1edbi nh\u1eefng r\u1eb7ng tre hiu qu\u1ea1nh tr\u00ean c\u00e1nh \u0111\u1ed3ng xa.. phong c\u1ea3nh nh\u01b0 xa nh\u01b0 g\u1ea7n, th\u1ef1c \u0111\u00f3 m\u00e0 nh\u01b0 m\u01a1 m\u00e0ng.<\/p>","protected":false},"excerpt":{"rendered":"<p>Tranh c\u1ee7a H\u1ed3ng Vi\u1ec7t D\u0169ng ph\u1ea7n l\u1edbn l\u00e0 nh\u1eefng khung c\u1ea3nh thi\u00ean nhi\u00ean b\u1ea3ng l\u1ea3ng, m\u01a1 m\u00e0ng. Nh\u1eefng b\u1ee9c tranh gi\u1ea3n d\u1ecb nh\u01b0ng th\u1ea5m \u0111\u1eabm ch\u1ea5t l\u00e3ng m\u1ea1n ph\u01b0\u01a1ng \u0110\u00f4ng. M\u1ed9t con thuy\u1ec1n l\u1eedng l\u01a1 soi b\u00f3ng tr\u00ean m\u1eb7t n\u01b0\u1edbc h\u1ed3 thu, m\u1ed9t con \u0111\u01b0\u1eddng nh\u1ecf v\u1edbi nh\u1eefng r\u1eb7ng tre hiu qu\u1ea1nh tr\u00ean c\u00e1nh \u0111\u1ed3ng [&hellip;]<\/p>","protected":false},"featured_media":2831,"comment_status":"open","ping_status":"closed","template":"","meta":{"_acf_changed":false},"product_brand":[],"product_cat":[35],"product_tag":[],"hoa_si":[56],"class_list":{"0":"post-2830","1":"product","2":"type-product","3":"status-publish","4":"has-post-thumbnail","6":"product_cat-tranh-son-dau","7":"hoa_si-hong-viet-dung","9":"first","10":"instock","11":"shipping-taxable","12":"product-type-simple"},"acf":[],"_links":{"self":[{"href":"https:\/\/bcmaisondart.com\/en\/wp-json\/wp\/v2\/product\/2830","targetHints":{"allow":["GET"]}}],"collection":[{"href":"https:\/\/bcmaisondart.com\/en\/wp-json\/wp\/v2\/product"}],"about":[{"href":"https:\/\/bcmaisondart.com\/en\/wp-json\/wp\/v2\/types\/product"}],"replies":[{"embeddable":true,"href":"https:\/\/bcmaisondart.com\/en\/wp-json\/wp\/v2\/comments?post=2830"}],"wp:featuredmedia":[{"embeddable":true,"href":"https:\/\/bcmaisondart.com\/en\/wp-json\/wp\/v2\/media\/2831"}],"wp:attachment":[{"href":"https:\/\/bcmaisondart.com\/en\/wp-json\/wp\/v2\/media?parent=2830"}],"wp:term":[{"taxonomy":"product_brand","embeddable":true,"href":"https:\/\/bcmaisondart.com\/en\/wp-json\/wp\/v2\/product_brand?post=2830"},{"taxonomy":"product_cat","embeddable":true,"href":"https:\/\/bcmaisondart.com\/en\/wp-json\/wp\/v2\/product_cat?post=2830"},{"taxonomy":"product_tag","embeddable":true,"href":"https:\/\/bcmaisondart.com\/en\/wp-json\/wp\/v2\/product_tag?post=2830"},{"taxonomy":"hoa_si","embeddable":true,"href":"https:\/\/bcmaisondart.com\/en\/wp-json\/wp\/v2\/hoa_si?post=2830"}],"curies":[{"name":"wp","href":"https:\/\/api.w.org\/{rel}","templated":true}]}}