{"id":2875,"date":"2026-01-14T11:11:13","date_gmt":"2026-01-14T04:11:13","guid":{"rendered":"https:\/\/bcmaisondart.com\/?post_type=product&#038;p=2875"},"modified":"2026-01-14T11:20:07","modified_gmt":"2026-01-14T04:20:07","slug":"bach-lien","status":"publish","type":"product","link":"https:\/\/bcmaisondart.com\/en\/tac-pham\/bach-lien\/","title":{"rendered":"B\u1ea1ch li\u00ean"},"content":{"rendered":"<p>\u0110\u01b0\u1ee3c t\u00f4n vinh l\u00e0 qu\u1ed1c hoa c\u1ee7a Vi\u1ec7t Nam, bi\u1ec3u t\u01b0\u1ee3ng c\u1ee7a s\u1ef1 trong s\u1ea1ch, tinh khi\u1ebft v\u00e0 cao qu\u00fd n\u00ean g\u1ea7n nh\u01b0 ho\u1ea1 s\u0129 n\u00e0o khi c\u1ea7m c\u1ecd c\u0169ng m\u1ed9t l\u1ea7n mu\u1ed1n l\u01b0u l\u1ea1i v\u1ebb \u0111\u1eb9p c\u1ee7a sen.<br class=\"html-br\" \/>V\u1edbi n\u00e9t m\u1ef1c nho truy\u1ec1n th\u1ed1ng v\u00e0 m\u00e0u n\u01b0\u1edbc tr\u00ean gi\u1ea5y d\u00f3, ho\u1ea1 s\u0129 Ng\u00f4 \u0110\u1ee9c Ho\u00e0ng \u0111\u00e3 th\u00e0nh c\u00f4ng kh\u1eafc ho\u1ea1 l\u1ea1i \u0111o\u00e1 \u201cB\u1ea1ch li\u00ean\u201d theo c\u00e1ch r\u1ea5t ri\u00eang. T\u1eebng c\u00e1nh sen m\u1ecfng manh nh\u01b0ng \u0111\u1ea7y s\u1ee9c s\u1ed1ng, v\u1edbi m\u00e0u s\u1eafc tr\u1eafng tinh kh\u00f4i t\u1ea1o cho ng\u01b0\u1eddi nh\u00ecn c\u1ea3m gi\u00e1c y\u00ean b\u00ecnh, nh\u1eb9 nh\u00e0ng v\u00e0 \u0111em l\u1ea1i s\u1ef1 thanh t\u1ecbnh cho t\u00e2m h\u1ed3n.<\/p>","protected":false},"excerpt":{"rendered":"<p>\u0110\u01b0\u1ee3c t\u00f4n vinh l\u00e0 qu\u1ed1c hoa c\u1ee7a Vi\u1ec7t Nam, bi\u1ec3u t\u01b0\u1ee3ng c\u1ee7a s\u1ef1 trong s\u1ea1ch, tinh khi\u1ebft v\u00e0 cao qu\u00fd n\u00ean g\u1ea7n nh\u01b0 ho\u1ea1 s\u0129 n\u00e0o khi c\u1ea7m c\u1ecd c\u0169ng m\u1ed9t l\u1ea7n mu\u1ed1n l\u01b0u l\u1ea1i v\u1ebb \u0111\u1eb9p c\u1ee7a sen.V\u1edbi n\u00e9t m\u1ef1c nho truy\u1ec1n th\u1ed1ng v\u00e0 m\u00e0u n\u01b0\u1edbc tr\u00ean gi\u1ea5y d\u00f3, ho\u1ea1 s\u0129 Ng\u00f4 \u0110\u1ee9c Ho\u00e0ng [&hellip;]<\/p>","protected":false},"featured_media":2876,"comment_status":"open","ping_status":"closed","template":"","meta":{"_acf_changed":false},"product_brand":[],"product_cat":[36],"product_tag":[],"hoa_si":[43],"class_list":{"0":"post-2875","1":"product","2":"type-product","3":"status-publish","4":"has-post-thumbnail","6":"product_cat-mau-nuoc","7":"hoa_si-ngo-duc-hoang","9":"first","10":"instock","11":"shipping-taxable","12":"product-type-simple"},"acf":[],"_links":{"self":[{"href":"https:\/\/bcmaisondart.com\/en\/wp-json\/wp\/v2\/product\/2875","targetHints":{"allow":["GET"]}}],"collection":[{"href":"https:\/\/bcmaisondart.com\/en\/wp-json\/wp\/v2\/product"}],"about":[{"href":"https:\/\/bcmaisondart.com\/en\/wp-json\/wp\/v2\/types\/product"}],"replies":[{"embeddable":true,"href":"https:\/\/bcmaisondart.com\/en\/wp-json\/wp\/v2\/comments?post=2875"}],"wp:featuredmedia":[{"embeddable":true,"href":"https:\/\/bcmaisondart.com\/en\/wp-json\/wp\/v2\/media\/2876"}],"wp:attachment":[{"href":"https:\/\/bcmaisondart.com\/en\/wp-json\/wp\/v2\/media?parent=2875"}],"wp:term":[{"taxonomy":"product_brand","embeddable":true,"href":"https:\/\/bcmaisondart.com\/en\/wp-json\/wp\/v2\/product_brand?post=2875"},{"taxonomy":"product_cat","embeddable":true,"href":"https:\/\/bcmaisondart.com\/en\/wp-json\/wp\/v2\/product_cat?post=2875"},{"taxonomy":"product_tag","embeddable":true,"href":"https:\/\/bcmaisondart.com\/en\/wp-json\/wp\/v2\/product_tag?post=2875"},{"taxonomy":"hoa_si","embeddable":true,"href":"https:\/\/bcmaisondart.com\/en\/wp-json\/wp\/v2\/hoa_si?post=2875"}],"curies":[{"name":"wp","href":"https:\/\/api.w.org\/{rel}","templated":true}]}}