{"id":2878,"date":"2026-01-14T11:25:33","date_gmt":"2026-01-14T04:25:33","guid":{"rendered":"https:\/\/bcmaisondart.com\/?post_type=product&#038;p=2878"},"modified":"2026-01-14T11:27:20","modified_gmt":"2026-01-14T04:27:20","slug":"suong-som-tren-ho-sen","status":"publish","type":"product","link":"https:\/\/bcmaisondart.com\/en\/tac-pham\/suong-som-tren-ho-sen\/","title":{"rendered":"S\u01b0\u01a1ng s\u1edbm tr\u00ean h\u1ed3 sen"},"content":{"rendered":"<p>\u201cTr\u1eddi \u0111\u00e3 s\u00e1ng sao em c\u00f2n \u0111\u1ecdng l\u1ea1i<br class=\"html-br\" \/>Gi\u1ecdt s\u01b0\u01a1ng khuya th\u1ee9c t\u00ecnh t\u1ef1 c\u00f9ng sen\u2026\u201d<br class=\"html-br\" \/>M\u1eb7t tr\u1eddi v\u1eeba l\u00f3, v\u1ea1n v\u1eadt tinh kh\u00f4i sau 1 gi\u1ea5c ng\u1ee7 d\u00e0i, lu\u1ed3ng \u00e1nh s\u00e1ng trong tr\u1ebbo \u1ea5y ph\u01a1i ra m\u00e0u xanh non gi\u1ed1ng nh\u01b0 xi\u00eam \u00e1o c\u1ee7a th\u00f4n n\u1eef m\u1eb7c \u0111\u1eb9p nh\u1ea5t trong l\u1ec5 h\u1ed9i sen\u2026<br class=\"html-br\" \/>V\u1edbi m\u00e0u s\u1eafc t\u01b0\u01a1i s\u00e1ng, nh\u1eb9 nh\u00e0ng v\u00e0 b\u00fat ph\u00e1p ph\u00f3ng kho\u00e1ng, kh\u00f4ng g\u00f2 b\u00f3, ho\u1ea1 s\u0129 Ng\u00f4 \u0110\u1ee9c Ho\u00e0ng \u0111\u00e3 th\u00e0nh c\u00f4ng \u0111\u00e1nh th\u1ee9c m\u1ecdi gi\u00e1c quan c\u1ee7a th\u1ecb d\u00e2n v\u1ec1 m\u1ed9t b\u00ecnh minh c\u1ee7a sen.<\/p>","protected":false},"excerpt":{"rendered":"<p>\u201cTr\u1eddi \u0111\u00e3 s\u00e1ng sao em c\u00f2n \u0111\u1ecdng l\u1ea1iGi\u1ecdt s\u01b0\u01a1ng khuya th\u1ee9c t\u00ecnh t\u1ef1 c\u00f9ng sen\u2026\u201dM\u1eb7t tr\u1eddi v\u1eeba l\u00f3, v\u1ea1n v\u1eadt tinh kh\u00f4i sau 1 gi\u1ea5c ng\u1ee7 d\u00e0i, lu\u1ed3ng \u00e1nh s\u00e1ng trong tr\u1ebbo \u1ea5y ph\u01a1i ra m\u00e0u xanh non gi\u1ed1ng nh\u01b0 xi\u00eam \u00e1o c\u1ee7a th\u00f4n n\u1eef m\u1eb7c \u0111\u1eb9p nh\u1ea5t trong l\u1ec5 h\u1ed9i sen\u2026V\u1edbi m\u00e0u s\u1eafc t\u01b0\u01a1i [&hellip;]<\/p>","protected":false},"featured_media":2879,"comment_status":"open","ping_status":"closed","template":"","meta":{"_acf_changed":false},"product_brand":[],"product_cat":[36],"product_tag":[],"hoa_si":[43],"class_list":{"0":"post-2878","1":"product","2":"type-product","3":"status-publish","4":"has-post-thumbnail","6":"product_cat-mau-nuoc","7":"hoa_si-ngo-duc-hoang","9":"first","10":"instock","11":"shipping-taxable","12":"product-type-simple"},"acf":[],"_links":{"self":[{"href":"https:\/\/bcmaisondart.com\/en\/wp-json\/wp\/v2\/product\/2878","targetHints":{"allow":["GET"]}}],"collection":[{"href":"https:\/\/bcmaisondart.com\/en\/wp-json\/wp\/v2\/product"}],"about":[{"href":"https:\/\/bcmaisondart.com\/en\/wp-json\/wp\/v2\/types\/product"}],"replies":[{"embeddable":true,"href":"https:\/\/bcmaisondart.com\/en\/wp-json\/wp\/v2\/comments?post=2878"}],"wp:featuredmedia":[{"embeddable":true,"href":"https:\/\/bcmaisondart.com\/en\/wp-json\/wp\/v2\/media\/2879"}],"wp:attachment":[{"href":"https:\/\/bcmaisondart.com\/en\/wp-json\/wp\/v2\/media?parent=2878"}],"wp:term":[{"taxonomy":"product_brand","embeddable":true,"href":"https:\/\/bcmaisondart.com\/en\/wp-json\/wp\/v2\/product_brand?post=2878"},{"taxonomy":"product_cat","embeddable":true,"href":"https:\/\/bcmaisondart.com\/en\/wp-json\/wp\/v2\/product_cat?post=2878"},{"taxonomy":"product_tag","embeddable":true,"href":"https:\/\/bcmaisondart.com\/en\/wp-json\/wp\/v2\/product_tag?post=2878"},{"taxonomy":"hoa_si","embeddable":true,"href":"https:\/\/bcmaisondart.com\/en\/wp-json\/wp\/v2\/hoa_si?post=2878"}],"curies":[{"name":"wp","href":"https:\/\/api.w.org\/{rel}","templated":true}]}}