{"id":2881,"date":"2026-01-14T11:34:48","date_gmt":"2026-01-14T04:34:48","guid":{"rendered":"https:\/\/bcmaisondart.com\/?post_type=product&#038;p=2881"},"modified":"2026-01-14T11:34:48","modified_gmt":"2026-01-14T04:34:48","slug":"be-nguyet","status":"publish","type":"product","link":"https:\/\/bcmaisondart.com\/en\/tac-pham\/be-nguyet\/","title":{"rendered":"B\u1ebf Nguy\u1ec7t"},"content":{"rendered":"<p>\u201cT\u00f4n vinh Ng\u01b0\u1eddi Ph\u1ee5 N\u1eef &#8211; \u0111\u1ec1 t\u00e0i kh\u00f4ng m\u1edbi nh\u01b0ng lu\u00f4n s\u1ed1ng \u0111\u1ed9ng trong ngh\u1ec7 thu\u1eadt. T\u00f4i mu\u1ed1n th\u1ec3 hi\u1ec7n v\u1ebb \u0111\u1eb9p c\u1ee7a ng\u01b0\u1eddi ph\u1ee5 n\u1eef Vi\u1ec7t Nam qua nh\u1eefng c\u1ea3m h\u1ee9ng s\u00e2u s\u1eafc. C\u00e1c t\u00e1c ph\u1ea9m c\u1ee7a t\u00f4i l\u1ea5y c\u1ea3m h\u1ee9ng t\u1eeb h\u00ecnh \u1ea3nh ph\u1ee5 n\u1eef trong l\u1ecbch s\u1eed d\u00e2n t\u1ed9c. D\u00f9 kh\u00f3 kh\u0103n trong vi\u1ec7c truy\u1ec1n t\u1ea3i h\u1ebft v\u1ebb \u0111\u1eb9p c\u1ee7a h\u1ecd, t\u00f4i hy v\u1ecdng tranh s\u1ebd g\u1ee3i m\u1edf b\u1ea3n s\u1eafc cao \u0111\u1eb9p c\u1ee7a ng\u01b0\u1eddi ph\u1ee5 n\u1eef Vi\u1ec7t Nam.\u201d<\/p>","protected":false},"excerpt":{"rendered":"<p>\u201cT\u00f4n vinh Ng\u01b0\u1eddi Ph\u1ee5 N\u1eef &#8211; \u0111\u1ec1 t\u00e0i kh\u00f4ng m\u1edbi nh\u01b0ng lu\u00f4n s\u1ed1ng \u0111\u1ed9ng trong ngh\u1ec7 thu\u1eadt. T\u00f4i mu\u1ed1n th\u1ec3 hi\u1ec7n v\u1ebb \u0111\u1eb9p c\u1ee7a ng\u01b0\u1eddi ph\u1ee5 n\u1eef Vi\u1ec7t Nam qua nh\u1eefng c\u1ea3m h\u1ee9ng s\u00e2u s\u1eafc. C\u00e1c t\u00e1c ph\u1ea9m c\u1ee7a t\u00f4i l\u1ea5y c\u1ea3m h\u1ee9ng t\u1eeb h\u00ecnh \u1ea3nh ph\u1ee5 n\u1eef trong l\u1ecbch s\u1eed d\u00e2n t\u1ed9c. D\u00f9 kh\u00f3 [&hellip;]<\/p>","protected":false},"featured_media":2882,"comment_status":"open","ping_status":"closed","template":"","meta":{"_acf_changed":false},"product_brand":[],"product_cat":[35],"product_tag":[],"hoa_si":[91],"class_list":{"0":"post-2881","1":"product","2":"type-product","3":"status-publish","4":"has-post-thumbnail","6":"product_cat-tranh-son-dau","7":"hoa_si-nguyen-manh-cuong","9":"first","10":"instock","11":"shipping-taxable","12":"product-type-simple"},"acf":[],"_links":{"self":[{"href":"https:\/\/bcmaisondart.com\/en\/wp-json\/wp\/v2\/product\/2881","targetHints":{"allow":["GET"]}}],"collection":[{"href":"https:\/\/bcmaisondart.com\/en\/wp-json\/wp\/v2\/product"}],"about":[{"href":"https:\/\/bcmaisondart.com\/en\/wp-json\/wp\/v2\/types\/product"}],"replies":[{"embeddable":true,"href":"https:\/\/bcmaisondart.com\/en\/wp-json\/wp\/v2\/comments?post=2881"}],"wp:featuredmedia":[{"embeddable":true,"href":"https:\/\/bcmaisondart.com\/en\/wp-json\/wp\/v2\/media\/2882"}],"wp:attachment":[{"href":"https:\/\/bcmaisondart.com\/en\/wp-json\/wp\/v2\/media?parent=2881"}],"wp:term":[{"taxonomy":"product_brand","embeddable":true,"href":"https:\/\/bcmaisondart.com\/en\/wp-json\/wp\/v2\/product_brand?post=2881"},{"taxonomy":"product_cat","embeddable":true,"href":"https:\/\/bcmaisondart.com\/en\/wp-json\/wp\/v2\/product_cat?post=2881"},{"taxonomy":"product_tag","embeddable":true,"href":"https:\/\/bcmaisondart.com\/en\/wp-json\/wp\/v2\/product_tag?post=2881"},{"taxonomy":"hoa_si","embeddable":true,"href":"https:\/\/bcmaisondart.com\/en\/wp-json\/wp\/v2\/hoa_si?post=2881"}],"curies":[{"name":"wp","href":"https:\/\/api.w.org\/{rel}","templated":true}]}}