{"id":2890,"date":"2026-01-14T15:55:41","date_gmt":"2026-01-14T08:55:41","guid":{"rendered":"https:\/\/bcmaisondart.com\/?post_type=product&#038;p=2890"},"modified":"2026-01-15T09:55:40","modified_gmt":"2026-01-15T02:55:40","slug":"mua","status":"publish","type":"product","link":"https:\/\/bcmaisondart.com\/en\/tac-pham\/mua\/","title":{"rendered":"M\u00faa"},"content":{"rendered":"<p>1 t\u00e1c ph\u1ea9m c\u1ee7a ho\u1ea1 s\u1ef9 \u0110o\u00e0n Xu\u00e2n T\u00f9ng &#8220;\ud835\udc63\ud835\udc5c\u031b\u0301\ud835\udc56 \ud835\udc61\ud835\udc4e\u0323\ud835\udc5c \u210e\ud835\udc56\u0300\ud835\udc5b\u210e \ud835\udc63\ud835\udc62\ud835\udc56 \ud835\udc5b\u210e\ud835\udc5c\u0323\u0302\ud835\udc5b, \u210e\ud835\udc56\ud835\udc52\u0323\u0302\ud835\udc5b \u0111\ud835\udc4e\u0323\ud835\udc56 \ud835\udc50\u210e\ud835\udc5c \ud835\udc5a\ud835\udc5c\u0323\u0302\ud835\udc61 \ud835\udc54\ud835\udc5c\u0301\ud835\udc50 \ud835\udc5b\u210e\ud835\udc56\u0300\ud835\udc5b \ud835\udc58\u210e\ud835\udc4e\u0301\ud835\udc50 \u0111\ud835\udc56, \ud835\udc58\u210e\ud835\udc5c\u0302\ud835\udc5b\ud835\udc54 \ud835\udc62\ud835\udc66 \ud835\udc5b\ud835\udc54\u210e\ud835\udc56, \ud835\udc54\ud835\udc4e\u0302\u0300\ud835\udc5a \ud835\udc54\ud835\udc4e\u0300\ud835\udc5c \ud835\udc5b\u210e\ud835\udc62\u031b \u210e\ud835\udc56\u0300\ud835\udc5b\u210e \ud835\udc4e\u0309\ud835\udc5b\u210e \ud835\udc61\u210e\ud835\udc62\u031b\ud835\udc5c\u031b\u0300\ud835\udc5b\ud835\udc54 \ud835\udc61\u210e\ud835\udc4e\u0302\u0301\ud835\udc66 \ud835\udc63\ud835\udc52\u0302\u0300 \ud835\udc45\ud835\udc5c\u0302\u0300\ud835\udc5b\ud835\udc54&#8221;<\/p>","protected":false},"excerpt":{"rendered":"<p>1 t\u00e1c ph\u1ea9m c\u1ee7a ho\u1ea1 s\u1ef9 \u0110o\u00e0n Xu\u00e2n T\u00f9ng &#8220;\ud835\udc63\ud835\udc5c\u031b\u0301\ud835\udc56 \ud835\udc61\ud835\udc4e\u0323\ud835\udc5c \u210e\ud835\udc56\u0300\ud835\udc5b\u210e \ud835\udc63\ud835\udc62\ud835\udc56 \ud835\udc5b\u210e\ud835\udc5c\u0323\u0302\ud835\udc5b, \u210e\ud835\udc56\ud835\udc52\u0323\u0302\ud835\udc5b \u0111\ud835\udc4e\u0323\ud835\udc56 \ud835\udc50\u210e\ud835\udc5c \ud835\udc5a\ud835\udc5c\u0323\u0302\ud835\udc61 \ud835\udc54\ud835\udc5c\u0301\ud835\udc50 \ud835\udc5b\u210e\ud835\udc56\u0300\ud835\udc5b \ud835\udc58\u210e\ud835\udc4e\u0301\ud835\udc50 \u0111\ud835\udc56, \ud835\udc58\u210e\ud835\udc5c\u0302\ud835\udc5b\ud835\udc54 \ud835\udc62\ud835\udc66 \ud835\udc5b\ud835\udc54\u210e\ud835\udc56, \ud835\udc54\ud835\udc4e\u0302\u0300\ud835\udc5a \ud835\udc54\ud835\udc4e\u0300\ud835\udc5c \ud835\udc5b\u210e\ud835\udc62\u031b \u210e\ud835\udc56\u0300\ud835\udc5b\u210e \ud835\udc4e\u0309\ud835\udc5b\u210e \ud835\udc61\u210e\ud835\udc62\u031b\ud835\udc5c\u031b\u0300\ud835\udc5b\ud835\udc54 \ud835\udc61\u210e\ud835\udc4e\u0302\u0301\ud835\udc66 \ud835\udc63\ud835\udc52\u0302\u0300 \ud835\udc45\ud835\udc5c\u0302\u0300\ud835\udc5b\ud835\udc54&#8221;<\/p>","protected":false},"featured_media":2891,"comment_status":"open","ping_status":"closed","template":"","meta":{"_acf_changed":false},"product_brand":[],"product_cat":[39],"product_tag":[],"hoa_si":[52],"class_list":{"0":"post-2890","1":"product","2":"type-product","3":"status-publish","4":"has-post-thumbnail","6":"product_cat-tong-hop","7":"hoa_si-doan-xuan-tung","9":"first","10":"instock","11":"shipping-taxable","12":"product-type-simple"},"acf":[],"_links":{"self":[{"href":"https:\/\/bcmaisondart.com\/en\/wp-json\/wp\/v2\/product\/2890","targetHints":{"allow":["GET"]}}],"collection":[{"href":"https:\/\/bcmaisondart.com\/en\/wp-json\/wp\/v2\/product"}],"about":[{"href":"https:\/\/bcmaisondart.com\/en\/wp-json\/wp\/v2\/types\/product"}],"replies":[{"embeddable":true,"href":"https:\/\/bcmaisondart.com\/en\/wp-json\/wp\/v2\/comments?post=2890"}],"wp:featuredmedia":[{"embeddable":true,"href":"https:\/\/bcmaisondart.com\/en\/wp-json\/wp\/v2\/media\/2891"}],"wp:attachment":[{"href":"https:\/\/bcmaisondart.com\/en\/wp-json\/wp\/v2\/media?parent=2890"}],"wp:term":[{"taxonomy":"product_brand","embeddable":true,"href":"https:\/\/bcmaisondart.com\/en\/wp-json\/wp\/v2\/product_brand?post=2890"},{"taxonomy":"product_cat","embeddable":true,"href":"https:\/\/bcmaisondart.com\/en\/wp-json\/wp\/v2\/product_cat?post=2890"},{"taxonomy":"product_tag","embeddable":true,"href":"https:\/\/bcmaisondart.com\/en\/wp-json\/wp\/v2\/product_tag?post=2890"},{"taxonomy":"hoa_si","embeddable":true,"href":"https:\/\/bcmaisondart.com\/en\/wp-json\/wp\/v2\/hoa_si?post=2890"}],"curies":[{"name":"wp","href":"https:\/\/api.w.org\/{rel}","templated":true}]}}