{"id":2903,"date":"2026-01-15T13:58:49","date_gmt":"2026-01-15T06:58:49","guid":{"rendered":"https:\/\/bcmaisondart.com\/?post_type=product&#038;p=2903"},"modified":"2026-01-19T13:54:24","modified_gmt":"2026-01-19T06:54:24","slug":"muc-dong-2","status":"publish","type":"product","link":"https:\/\/bcmaisondart.com\/en\/tac-pham\/muc-dong-2\/","title":{"rendered":"M\u1ee5c \u0111\u1ed3ng"},"content":{"rendered":"<p>Trong t\u00e1c ph\u1ea9m &#8220;M\u1ee5c \u0110\u1ed3ng&#8221;, m\u1ed9t nh\u00f3m m\u1ee5c \u0111\u1ed3ng &#8220;tr\u1ebb ch\u0103n tr\u00e2u&#8221; \u0111\u01b0\u1ee3c mi\u00eau t\u1ea3 qua l\u0103ng k\u00ednh Upsidedownism, nh\u00f3m tr\u1ebb \u1ea5y c\u0169ng ch\u00ednh l\u00e0 ho\u00e0i ni\u1ec7m c\u1ee7a t\u00e1c gi\u1ea3 v\u1ec1 m\u1ed9t tu\u1ed5i th\u01a1 g\u1eafn li\u1ec1n v\u1edbi n\u00f4ng th\u00f4n, n\u01a1i h\u00ecnh \u1ea3nh quen thu\u1ed9c c\u1ee7a cu\u1ed9c s\u1ed1ng \u0111\u01b0\u1ee3c khai th\u00e1c v\u00e0 \u0111\u01b0a v\u00e0o trong tranh qua l\u0103ng k\u00ednh v\u00e0 c\u00e1ch \u0111\u1eb7t v\u1ea5n \u0111\u1ec1 c\u1ee7a upsidedownism. C\u00e1c nh\u00e2n v\u1eadt \u2013 \u0111\u01b0\u1ee3c v\u1ebd v\u1edbi khu\u00f4n m\u1eb7t \u0111\u1ea3o ng\u01b0\u1ee3c, b\u1ed1 c\u1ee5c tr\u1ea3i d\u00e0i n\u1eb1m ngang v\u1edbi gam m\u00e0u ch\u1ee7 \u0111\u1ea1o \u1ea5m \u00e1p v\u00e0 bi\u1ec3u c\u1ea3m vui t\u01b0\u01a1i, h\u00f4n nhi\u00ean c\u1ee7a c\u00e1c nh\u00e2n v\u1eadt. C\u00e1i quen thu\u1ed9c tr\u1edf n\u00ean l\u1ea1 l\u1eabm, ph\u00e1 v\u1ee1 th\u00f3i quen xem tranh thu\u1eadn m\u1eaft c\u1ee7a \u0111\u1ed9c gi\u1ea3, bu\u1ed9c ng\u01b0\u1eddi xem xoay chuy\u1ec3n t\u01b0 duy \u0111\u1ec3 nh\u1eadn ra gi\u00e1 tr\u1ecb th\u1ef1c s\u1ef1 c\u1ee7a s\u1ef1 g\u1eafn k\u1ebft, c\u1ee7a ho\u00e0i ni\u1ec7m.<\/p>","protected":false},"excerpt":{"rendered":"<p>Trong t\u00e1c ph\u1ea9m &#8220;M\u1ee5c \u0110\u1ed3ng&#8221;, m\u1ed9t nh\u00f3m m\u1ee5c \u0111\u1ed3ng &#8220;tr\u1ebb ch\u0103n tr\u00e2u&#8221; \u0111\u01b0\u1ee3c mi\u00eau t\u1ea3 qua l\u0103ng k\u00ednh Upsidedownism, nh\u00f3m tr\u1ebb \u1ea5y c\u0169ng ch\u00ednh l\u00e0 ho\u00e0i ni\u1ec7m c\u1ee7a t\u00e1c gi\u1ea3 v\u1ec1 m\u1ed9t tu\u1ed5i th\u01a1 g\u1eafn li\u1ec1n v\u1edbi n\u00f4ng th\u00f4n, n\u01a1i h\u00ecnh \u1ea3nh quen thu\u1ed9c c\u1ee7a cu\u1ed9c s\u1ed1ng \u0111\u01b0\u1ee3c khai th\u00e1c v\u00e0 \u0111\u01b0a v\u00e0o trong tranh [&hellip;]<\/p>","protected":false},"featured_media":2904,"comment_status":"open","ping_status":"closed","template":"","meta":{"_acf_changed":false},"product_brand":[],"product_cat":[35],"product_tag":[],"hoa_si":[96],"class_list":{"0":"post-2903","1":"product","2":"type-product","3":"status-publish","4":"has-post-thumbnail","6":"product_cat-tranh-son-dau","7":"hoa_si-tuan-dinh-dinh-lee","9":"first","10":"instock","11":"shipping-taxable","12":"product-type-simple"},"acf":[],"_links":{"self":[{"href":"https:\/\/bcmaisondart.com\/en\/wp-json\/wp\/v2\/product\/2903","targetHints":{"allow":["GET"]}}],"collection":[{"href":"https:\/\/bcmaisondart.com\/en\/wp-json\/wp\/v2\/product"}],"about":[{"href":"https:\/\/bcmaisondart.com\/en\/wp-json\/wp\/v2\/types\/product"}],"replies":[{"embeddable":true,"href":"https:\/\/bcmaisondart.com\/en\/wp-json\/wp\/v2\/comments?post=2903"}],"wp:featuredmedia":[{"embeddable":true,"href":"https:\/\/bcmaisondart.com\/en\/wp-json\/wp\/v2\/media\/2904"}],"wp:attachment":[{"href":"https:\/\/bcmaisondart.com\/en\/wp-json\/wp\/v2\/media?parent=2903"}],"wp:term":[{"taxonomy":"product_brand","embeddable":true,"href":"https:\/\/bcmaisondart.com\/en\/wp-json\/wp\/v2\/product_brand?post=2903"},{"taxonomy":"product_cat","embeddable":true,"href":"https:\/\/bcmaisondart.com\/en\/wp-json\/wp\/v2\/product_cat?post=2903"},{"taxonomy":"product_tag","embeddable":true,"href":"https:\/\/bcmaisondart.com\/en\/wp-json\/wp\/v2\/product_tag?post=2903"},{"taxonomy":"hoa_si","embeddable":true,"href":"https:\/\/bcmaisondart.com\/en\/wp-json\/wp\/v2\/hoa_si?post=2903"}],"curies":[{"name":"wp","href":"https:\/\/api.w.org\/{rel}","templated":true}]}}