{"id":2965,"date":"2026-01-20T15:16:07","date_gmt":"2026-01-20T08:16:07","guid":{"rendered":"https:\/\/bcmaisondart.com\/?post_type=product&#038;p=2965"},"modified":"2026-01-20T15:16:08","modified_gmt":"2026-01-20T08:16:08","slug":"mom-da","status":"publish","type":"product","link":"https:\/\/bcmaisondart.com\/en\/tac-pham\/mom-da\/","title":{"rendered":"M\u00f3m \u0111\u00e1"},"content":{"rendered":"","protected":false},"excerpt":{"rendered":"","protected":false},"featured_media":2969,"comment_status":"open","ping_status":"closed","template":"","meta":{"_acf_changed":false},"product_brand":[],"product_cat":[37],"product_tag":[],"hoa_si":[66],"class_list":{"0":"post-2965","1":"product","2":"type-product","3":"status-publish","4":"has-post-thumbnail","6":"product_cat-son-mai","7":"hoa_si-nguyen-tien-quan","9":"first","10":"instock","11":"shipping-taxable","12":"product-type-simple"},"acf":[],"_links":{"self":[{"href":"https:\/\/bcmaisondart.com\/en\/wp-json\/wp\/v2\/product\/2965","targetHints":{"allow":["GET"]}}],"collection":[{"href":"https:\/\/bcmaisondart.com\/en\/wp-json\/wp\/v2\/product"}],"about":[{"href":"https:\/\/bcmaisondart.com\/en\/wp-json\/wp\/v2\/types\/product"}],"replies":[{"embeddable":true,"href":"https:\/\/bcmaisondart.com\/en\/wp-json\/wp\/v2\/comments?post=2965"}],"wp:featuredmedia":[{"embeddable":true,"href":"https:\/\/bcmaisondart.com\/en\/wp-json\/wp\/v2\/media\/2969"}],"wp:attachment":[{"href":"https:\/\/bcmaisondart.com\/en\/wp-json\/wp\/v2\/media?parent=2965"}],"wp:term":[{"taxonomy":"product_brand","embeddable":true,"href":"https:\/\/bcmaisondart.com\/en\/wp-json\/wp\/v2\/product_brand?post=2965"},{"taxonomy":"product_cat","embeddable":true,"href":"https:\/\/bcmaisondart.com\/en\/wp-json\/wp\/v2\/product_cat?post=2965"},{"taxonomy":"product_tag","embeddable":true,"href":"https:\/\/bcmaisondart.com\/en\/wp-json\/wp\/v2\/product_tag?post=2965"},{"taxonomy":"hoa_si","embeddable":true,"href":"https:\/\/bcmaisondart.com\/en\/wp-json\/wp\/v2\/hoa_si?post=2965"}],"curies":[{"name":"wp","href":"https:\/\/api.w.org\/{rel}","templated":true}]}}