{"id":3062,"date":"2026-03-16T10:46:17","date_gmt":"2026-03-16T03:46:17","guid":{"rendered":"https:\/\/bcmaisondart.com\/?post_type=product&#038;p=3062"},"modified":"2026-03-16T10:46:17","modified_gmt":"2026-03-16T03:46:17","slug":"hy-vong","status":"publish","type":"product","link":"https:\/\/bcmaisondart.com\/en\/tac-pham\/hy-vong\/","title":{"rendered":"Hy v\u1ecdng"},"content":{"rendered":"<p>Tr\u00ean n\u1ec1n b\u1ed1 c\u1ee5c gi\u1ea3n d\u1ecb c\u1ee7a chi\u1ebfc b\u00ecnh g\u1ed1m m\u1ed9c m\u1ea1c, nh\u1eefng \u0111\u00f3a hoa \u0111\u1ecf r\u1ef1c bung n\u1edf nh\u01b0 m\u1ed9t d\u00f2ng n\u0103ng l\u01b0\u1ee3ng tr\u00e0n \u0111\u1ea7y s\u1ee9c s\u1ed1ng. L\u1edbp s\u01a1n m\u00e0u \u0111\u01b0\u1ee3c x\u1eed l\u00fd d\u00e0y v\u00e0 gi\u00e0u ch\u1ea5t c\u1ea3m, t\u1ea1o n\u00ean nh\u1ecbp \u0111i\u1ec7u th\u1ecb gi\u00e1c m\u1ea1nh m\u1ebd \u2013 n\u01a1i s\u1eafc \u0111\u1ecf kh\u00f4ng ch\u1ec9 l\u00e0 m\u00e0u s\u1eafc c\u1ee7a hoa, m\u00e0 c\u00f2n g\u1ee3i l\u00ean ni\u1ec1m tin, s\u1ef1 \u1ea5m \u00e1p v\u00e0 tinh th\u1ea7n t\u00e1i sinh. Gi\u1eefa nh\u1eefng t\u01b0\u01a1ng ph\u1ea3n c\u1ee7a s\u00e1ng \u2013 t\u1ed1i, t\u0129nh \u2013 \u0111\u1ed9ng, t\u00e1c ph\u1ea9m mang \u0111\u1ebfn m\u1ed9t c\u1ea3m gi\u00e1c r\u1ea5t r\u00f5 r\u00e0ng: s\u1ef1 s\u1ed1ng lu\u00f4n t\u00ecm th\u1ea5y c\u00e1ch \u0111\u1ec3 v\u01b0\u01a1n l\u00ean.<\/p>","protected":false},"excerpt":{"rendered":"<p>Tr\u00ean n\u1ec1n b\u1ed1 c\u1ee5c gi\u1ea3n d\u1ecb c\u1ee7a chi\u1ebfc b\u00ecnh g\u1ed1m m\u1ed9c m\u1ea1c, nh\u1eefng \u0111\u00f3a hoa \u0111\u1ecf r\u1ef1c bung n\u1edf nh\u01b0 m\u1ed9t d\u00f2ng n\u0103ng l\u01b0\u1ee3ng tr\u00e0n \u0111\u1ea7y s\u1ee9c s\u1ed1ng. L\u1edbp s\u01a1n m\u00e0u \u0111\u01b0\u1ee3c x\u1eed l\u00fd d\u00e0y v\u00e0 gi\u00e0u ch\u1ea5t c\u1ea3m, t\u1ea1o n\u00ean nh\u1ecbp \u0111i\u1ec7u th\u1ecb gi\u00e1c m\u1ea1nh m\u1ebd \u2013 n\u01a1i s\u1eafc \u0111\u1ecf kh\u00f4ng ch\u1ec9 l\u00e0 m\u00e0u [&hellip;]<\/p>","protected":false},"featured_media":3063,"comment_status":"open","ping_status":"closed","template":"","meta":{"_acf_changed":false},"product_brand":[],"product_cat":[35],"product_tag":[],"hoa_si":[98],"class_list":{"0":"post-3062","1":"product","2":"type-product","3":"status-publish","4":"has-post-thumbnail","6":"product_cat-tranh-son-dau","7":"hoa_si-son-yoon-seok","9":"first","10":"instock","11":"shipping-taxable","12":"product-type-simple"},"acf":[],"_links":{"self":[{"href":"https:\/\/bcmaisondart.com\/en\/wp-json\/wp\/v2\/product\/3062","targetHints":{"allow":["GET"]}}],"collection":[{"href":"https:\/\/bcmaisondart.com\/en\/wp-json\/wp\/v2\/product"}],"about":[{"href":"https:\/\/bcmaisondart.com\/en\/wp-json\/wp\/v2\/types\/product"}],"replies":[{"embeddable":true,"href":"https:\/\/bcmaisondart.com\/en\/wp-json\/wp\/v2\/comments?post=3062"}],"wp:featuredmedia":[{"embeddable":true,"href":"https:\/\/bcmaisondart.com\/en\/wp-json\/wp\/v2\/media\/3063"}],"wp:attachment":[{"href":"https:\/\/bcmaisondart.com\/en\/wp-json\/wp\/v2\/media?parent=3062"}],"wp:term":[{"taxonomy":"product_brand","embeddable":true,"href":"https:\/\/bcmaisondart.com\/en\/wp-json\/wp\/v2\/product_brand?post=3062"},{"taxonomy":"product_cat","embeddable":true,"href":"https:\/\/bcmaisondart.com\/en\/wp-json\/wp\/v2\/product_cat?post=3062"},{"taxonomy":"product_tag","embeddable":true,"href":"https:\/\/bcmaisondart.com\/en\/wp-json\/wp\/v2\/product_tag?post=3062"},{"taxonomy":"hoa_si","embeddable":true,"href":"https:\/\/bcmaisondart.com\/en\/wp-json\/wp\/v2\/hoa_si?post=3062"}],"curies":[{"name":"wp","href":"https:\/\/api.w.org\/{rel}","templated":true}]}}