{"id":3064,"date":"2026-03-16T10:50:16","date_gmt":"2026-03-16T03:50:16","guid":{"rendered":"https:\/\/bcmaisondart.com\/?post_type=product&#038;p=3064"},"modified":"2026-03-16T10:50:16","modified_gmt":"2026-03-16T03:50:16","slug":"khoi-sinh","status":"publish","type":"product","link":"https:\/\/bcmaisondart.com\/en\/tac-pham\/khoi-sinh\/","title":{"rendered":"Kh\u1edfi sinh"},"content":{"rendered":"<p>Trong b\u1ed1 c\u1ee5c t\u1ed1i gi\u1ea3n, chi\u1ebfc b\u00ecnh tr\u1eafng hi\u1ec7n l\u00ean nh\u01b0 m\u1ed9t h\u00ecnh kh\u1ed1i t\u0129nh t\u1ea1i gi\u1eefa n\u1ec1n v\u00e0ng r\u1ef1c r\u1ee1. Tuy nhi\u00ean, ph\u1ea7n b\u1ec1 m\u1eb7t b\u00ean ph\u1ea3i d\u01b0\u1eddng nh\u01b0 b\u1ecb x\u00f3a nh\u00f2a, tan ch\u1ea3y trong nh\u1eefng v\u1ec7t c\u1ecd m\u1ea1nh v\u00e0 g\u1ea5p g\u00e1p. Nh\u1eefng gi\u1ecdt n\u01b0\u1edbc nh\u1ecf l\u1eb7ng l\u1ebd r\u01a1i xu\u1ed1ng nh\u01b0 d\u1ea5u v\u1ebft c\u1ee7a m\u1ed9t c\u1ea3m x\u00fac ch\u01b0a k\u1ecbp g\u1ecdi t\u00ean. T\u1ea5t c\u1ea3 t\u1ea1o n\u00ean c\u1ea3m gi\u00e1c m\u1ed9t \u0111i\u1ec1u g\u00ec \u0111\u00f3 \u0111ang \u1edf gi\u1eefa ch\u1eebng \u2014 ch\u01b0a ho\u00e0n t\u1ea5t, ch\u01b0a kh\u00e9p l\u1ea1i.<\/p>","protected":false},"excerpt":{"rendered":"<p>Trong b\u1ed1 c\u1ee5c t\u1ed1i gi\u1ea3n, chi\u1ebfc b\u00ecnh tr\u1eafng hi\u1ec7n l\u00ean nh\u01b0 m\u1ed9t h\u00ecnh kh\u1ed1i t\u0129nh t\u1ea1i gi\u1eefa n\u1ec1n v\u00e0ng r\u1ef1c r\u1ee1. Tuy nhi\u00ean, ph\u1ea7n b\u1ec1 m\u1eb7t b\u00ean ph\u1ea3i d\u01b0\u1eddng nh\u01b0 b\u1ecb x\u00f3a nh\u00f2a, tan ch\u1ea3y trong nh\u1eefng v\u1ec7t c\u1ecd m\u1ea1nh v\u00e0 g\u1ea5p g\u00e1p. Nh\u1eefng gi\u1ecdt n\u01b0\u1edbc nh\u1ecf l\u1eb7ng l\u1ebd r\u01a1i xu\u1ed1ng nh\u01b0 d\u1ea5u v\u1ebft c\u1ee7a [&hellip;]<\/p>","protected":false},"featured_media":3066,"comment_status":"open","ping_status":"closed","template":"","meta":{"_acf_changed":false},"product_brand":[],"product_cat":[35],"product_tag":[],"hoa_si":[98],"class_list":{"0":"post-3064","1":"product","2":"type-product","3":"status-publish","4":"has-post-thumbnail","6":"product_cat-tranh-son-dau","7":"hoa_si-son-yoon-seok","9":"first","10":"instock","11":"shipping-taxable","12":"product-type-simple"},"acf":[],"_links":{"self":[{"href":"https:\/\/bcmaisondart.com\/en\/wp-json\/wp\/v2\/product\/3064","targetHints":{"allow":["GET"]}}],"collection":[{"href":"https:\/\/bcmaisondart.com\/en\/wp-json\/wp\/v2\/product"}],"about":[{"href":"https:\/\/bcmaisondart.com\/en\/wp-json\/wp\/v2\/types\/product"}],"replies":[{"embeddable":true,"href":"https:\/\/bcmaisondart.com\/en\/wp-json\/wp\/v2\/comments?post=3064"}],"wp:featuredmedia":[{"embeddable":true,"href":"https:\/\/bcmaisondart.com\/en\/wp-json\/wp\/v2\/media\/3066"}],"wp:attachment":[{"href":"https:\/\/bcmaisondart.com\/en\/wp-json\/wp\/v2\/media?parent=3064"}],"wp:term":[{"taxonomy":"product_brand","embeddable":true,"href":"https:\/\/bcmaisondart.com\/en\/wp-json\/wp\/v2\/product_brand?post=3064"},{"taxonomy":"product_cat","embeddable":true,"href":"https:\/\/bcmaisondart.com\/en\/wp-json\/wp\/v2\/product_cat?post=3064"},{"taxonomy":"product_tag","embeddable":true,"href":"https:\/\/bcmaisondart.com\/en\/wp-json\/wp\/v2\/product_tag?post=3064"},{"taxonomy":"hoa_si","embeddable":true,"href":"https:\/\/bcmaisondart.com\/en\/wp-json\/wp\/v2\/hoa_si?post=3064"}],"curies":[{"name":"wp","href":"https:\/\/api.w.org\/{rel}","templated":true}]}}